{"id":342,"date":"2021-08-10T10:51:01","date_gmt":"2021-08-10T10:51:01","guid":{"rendered":"http:\/\/dare2belite.com\/fr\/?page_id=342"},"modified":"2021-09-22T12:58:05","modified_gmt":"2021-09-22T12:58:05","slug":"dpn001-hot-shot-hooded-baffled-jacket","status":"publish","type":"page","link":"https:\/\/dare2belite.com\/fr\/dpn001-hot-shot-hooded-baffled-jacket\/","title":{"rendered":"DPN001 HOT SHOT HOODED BAFFLED JACKET"},"content":{"rendered":"<p><img width=\"2000\" height=\"2000\" src=\"http:\/\/dare2belite.com\/fr\/wp-content\/uploads\/sites\/5\/2021\/08\/DPN001_13V_M_5-2000x2000.jpg\" alt=\"\" loading=\"lazy\" srcset=\"https:\/\/dare2belite.com\/fr\/wp-content\/uploads\/sites\/5\/2021\/08\/DPN001_13V_M_5-2000x2000.jpg 2000w, https:\/\/dare2belite.com\/fr\/wp-content\/uploads\/sites\/5\/2021\/08\/DPN001_13V_M_5-150x150.jpg 150w, https:\/\/dare2belite.com\/fr\/wp-content\/uploads\/sites\/5\/2021\/08\/DPN001_13V_M_5-300x300.jpg 300w, https:\/\/dare2belite.com\/fr\/wp-content\/uploads\/sites\/5\/2021\/08\/DPN001_13V_M_5-768x768.jpg 768w, https:\/\/dare2belite.com\/fr\/wp-content\/uploads\/sites\/5\/2021\/08\/DPN001_13V_M_5-1024x1024.jpg 1024w, https:\/\/dare2belite.com\/fr\/wp-content\/uploads\/sites\/5\/2021\/08\/DPN001_13V_M_5-1536x1536.jpg 1536w\" sizes=\"(max-width: 2000px) 100vw, 2000px\" \/><br \/>\n\t\t\t\t\t\t\t\t\t\t\t\t\t\t\t<img width=\"2000\" height=\"2000\" src=\"http:\/\/dare2belite.com\/fr\/wp-content\/uploads\/sites\/5\/2021\/08\/DPN001_13V_M_3-2000x2000.jpg\" alt=\"\" loading=\"lazy\" srcset=\"https:\/\/dare2belite.com\/fr\/wp-content\/uploads\/sites\/5\/2021\/08\/DPN001_13V_M_3-2000x2000.jpg 2000w, https:\/\/dare2belite.com\/fr\/wp-content\/uploads\/sites\/5\/2021\/08\/DPN001_13V_M_3-150x150.jpg 150w, https:\/\/dare2belite.com\/fr\/wp-content\/uploads\/sites\/5\/2021\/08\/DPN001_13V_M_3-300x300.jpg 300w, https:\/\/dare2belite.com\/fr\/wp-content\/uploads\/sites\/5\/2021\/08\/DPN001_13V_M_3-768x768.jpg 768w, https:\/\/dare2belite.com\/fr\/wp-content\/uploads\/sites\/5\/2021\/08\/DPN001_13V_M_3-1024x1024.jpg 1024w, https:\/\/dare2belite.com\/fr\/wp-content\/uploads\/sites\/5\/2021\/08\/DPN001_13V_M_3-1536x1536.jpg 1536w\" sizes=\"(max-width: 2000px) 100vw, 2000px\" \/><br \/>\n\t\t\t\t\t\t\t\t\t\t\t\t\t\t\t<img width=\"2000\" height=\"2000\" src=\"http:\/\/dare2belite.com\/fr\/wp-content\/uploads\/sites\/5\/2021\/08\/DPN001_13V_M_4-2000x2000.jpg\" alt=\"\" loading=\"lazy\" srcset=\"https:\/\/dare2belite.com\/fr\/wp-content\/uploads\/sites\/5\/2021\/08\/DPN001_13V_M_4-2000x2000.jpg 2000w, https:\/\/dare2belite.com\/fr\/wp-content\/uploads\/sites\/5\/2021\/08\/DPN001_13V_M_4-150x150.jpg 150w, https:\/\/dare2belite.com\/fr\/wp-content\/uploads\/sites\/5\/2021\/08\/DPN001_13V_M_4-300x300.jpg 300w, https:\/\/dare2belite.com\/fr\/wp-content\/uploads\/sites\/5\/2021\/08\/DPN001_13V_M_4-768x768.jpg 768w, https:\/\/dare2belite.com\/fr\/wp-content\/uploads\/sites\/5\/2021\/08\/DPN001_13V_M_4-1024x1024.jpg 1024w, https:\/\/dare2belite.com\/fr\/wp-content\/uploads\/sites\/5\/2021\/08\/DPN001_13V_M_4-1536x1536.jpg 1536w\" sizes=\"(max-width: 2000px) 100vw, 2000px\" \/><br \/>\n\t\t\t\t\t\t\t\t\t\t\t\t\t\t\t<img width=\"2000\" height=\"2000\" src=\"http:\/\/dare2belite.com\/fr\/wp-content\/uploads\/sites\/5\/2021\/08\/DPN001_13V_M_1-2000x2000.jpg\" alt=\"\" loading=\"lazy\" srcset=\"https:\/\/dare2belite.com\/fr\/wp-content\/uploads\/sites\/5\/2021\/08\/DPN001_13V_M_1-2000x2000.jpg 2000w, https:\/\/dare2belite.com\/fr\/wp-content\/uploads\/sites\/5\/2021\/08\/DPN001_13V_M_1-150x150.jpg 150w, https:\/\/dare2belite.com\/fr\/wp-content\/uploads\/sites\/5\/2021\/08\/DPN001_13V_M_1-300x300.jpg 300w, https:\/\/dare2belite.com\/fr\/wp-content\/uploads\/sites\/5\/2021\/08\/DPN001_13V_M_1-768x768.jpg 768w, https:\/\/dare2belite.com\/fr\/wp-content\/uploads\/sites\/5\/2021\/08\/DPN001_13V_M_1-1024x1024.jpg 1024w, https:\/\/dare2belite.com\/fr\/wp-content\/uploads\/sites\/5\/2021\/08\/DPN001_13V_M_1-1536x1536.jpg 1536w\" sizes=\"(max-width: 2000px) 100vw, 2000px\" \/><br \/>\n\t\t\t\t\t\t\t\t\t\t\t\t\t\t\t<img width=\"2000\" height=\"2000\" src=\"http:\/\/dare2belite.com\/fr\/wp-content\/uploads\/sites\/5\/2021\/08\/DPN001_13V_M_2-2000x2000.jpg\" alt=\"\" loading=\"lazy\" srcset=\"https:\/\/dare2belite.com\/fr\/wp-content\/uploads\/sites\/5\/2021\/08\/DPN001_13V_M_2-2000x2000.jpg 2000w, https:\/\/dare2belite.com\/fr\/wp-content\/uploads\/sites\/5\/2021\/08\/DPN001_13V_M_2-150x150.jpg 150w, https:\/\/dare2belite.com\/fr\/wp-content\/uploads\/sites\/5\/2021\/08\/DPN001_13V_M_2-300x300.jpg 300w, https:\/\/dare2belite.com\/fr\/wp-content\/uploads\/sites\/5\/2021\/08\/DPN001_13V_M_2-768x768.jpg 768w, https:\/\/dare2belite.com\/fr\/wp-content\/uploads\/sites\/5\/2021\/08\/DPN001_13V_M_2-1024x1024.jpg 1024w, https:\/\/dare2belite.com\/fr\/wp-content\/uploads\/sites\/5\/2021\/08\/DPN001_13V_M_2-1536x1536.jpg 1536w\" sizes=\"(max-width: 2000px) 100vw, 2000px\" \/>\t\t\t\t\t\t\t\t\t\t\t\t\t\t\t<\/p>\n<figure><img src=\"http:\/\/dare2belite.com\/fr\/wp-content\/uploads\/sites\/5\/2021\/08\/DPN001_13V_M_5-2000x2000.jpg\" alt=\"DPN001_13V_M_5\" \/><\/figure>\n<figure><img src=\"http:\/\/dare2belite.com\/fr\/wp-content\/uploads\/sites\/5\/2021\/08\/DPN001_13V_M_4-2000x2000.jpg\" alt=\"DPN001_13V_M_4\" \/><\/figure>\n<figure><img src=\"http:\/\/dare2belite.com\/fr\/wp-content\/uploads\/sites\/5\/2021\/08\/DPN001_13V_M_1-2000x2000.jpg\" alt=\"DPN001_13V_M_1\" \/><\/figure>\n<figure><img src=\"http:\/\/dare2belite.com\/fr\/wp-content\/uploads\/sites\/5\/2021\/08\/DPN001_13V_M_2-2000x2000.jpg\" alt=\"DPN001_13V_M_2\" \/><\/figure>\n<figure><img src=\"http:\/\/dare2belite.com\/fr\/wp-content\/uploads\/sites\/5\/2021\/08\/DPN001_13V_M_3-2000x2000.jpg\" alt=\"DPN001_13V_M_3\" \/><\/figure>\n<p>\t\t\t\t\t\tPrevious<br \/>\n\t\t\t\t\t\tNext<\/p>\n<h2>HOT SHOT HOODED BAFFLED JACKET<br \/>\nDPN001 <\/h2>\n<h2>Tailles XS &#8211; XXXL <\/h2>\n<figure class='gallery-item'>\n\t\t\t\t<a data-elementor-open-lightbox=\"yes\" data-elementor-lightbox-slideshow=\"fa83ee3\" data-elementor-lightbox-title=\"water_repellent_icon\" href='http:\/\/dare2belite.com\/fr\/wp-content\/uploads\/sites\/5\/2021\/08\/water_repellent_icon-1.png'><img width=\"500\" height=\"500\" src=\"http:\/\/dare2belite.com\/fr\/wp-content\/uploads\/sites\/5\/2021\/08\/water_repellent_icon-1.png\" alt=\"\" loading=\"lazy\" srcset=\"https:\/\/dare2belite.com\/fr\/wp-content\/uploads\/sites\/5\/2021\/08\/water_repellent_icon-1.png 500w, https:\/\/dare2belite.com\/fr\/wp-content\/uploads\/sites\/5\/2021\/08\/water_repellent_icon-1-150x150.png 150w, https:\/\/dare2belite.com\/fr\/wp-content\/uploads\/sites\/5\/2021\/08\/water_repellent_icon-1-300x300.png 300w\" sizes=\"(max-width: 500px) 100vw, 500px\" \/><\/a><br \/>\n\t\t\t<\/figure>\n<figure class='gallery-item'>\n\t\t\t\t<a data-elementor-open-lightbox=\"yes\" data-elementor-lightbox-slideshow=\"fa83ee3\" data-elementor-lightbox-title=\"thermal_icon\" href='http:\/\/dare2belite.com\/fr\/wp-content\/uploads\/sites\/5\/2021\/08\/thermal_icon-1.png'><img width=\"500\" height=\"500\" src=\"http:\/\/dare2belite.com\/fr\/wp-content\/uploads\/sites\/5\/2021\/08\/thermal_icon-1.png\" alt=\"\" loading=\"lazy\" srcset=\"https:\/\/dare2belite.com\/fr\/wp-content\/uploads\/sites\/5\/2021\/08\/thermal_icon-1.png 500w, https:\/\/dare2belite.com\/fr\/wp-content\/uploads\/sites\/5\/2021\/08\/thermal_icon-1-150x150.png 150w, https:\/\/dare2belite.com\/fr\/wp-content\/uploads\/sites\/5\/2021\/08\/thermal_icon-1-300x300.png 300w\" sizes=\"(max-width: 500px) 100vw, 500px\" \/><\/a><br \/>\n\t\t\t<\/figure>\n<figure><img src=\"http:\/\/dare2belite.com\/fr\/wp-content\/uploads\/sites\/5\/2021\/08\/water_repellent_icon-1.png\" alt=\"water_repellent_icon\" \/><\/figure>\n<figure><img src=\"http:\/\/dare2belite.com\/fr\/wp-content\/uploads\/sites\/5\/2021\/08\/thermal_icon-1.png\" alt=\"thermal_icon\" \/><\/figure>\n<p>\u2022 Isolation en duvet synth\u00e9tique recycl\u00e9 ILoft Eco <br \/>\u2022 Tissu ind\u00e9chirable mat r\u00e9sistant \u00e0 la douche <br \/>\u2022 Finition hydrofuge <br \/>\u2022 Badge et \u00e9tiquettes de marque fabriqu\u00e9s \u00e0 partir de mat\u00e9riaux recycl\u00e9s <br \/>\u2022 Rembourrage haute chaleur <br \/>\u2022 2 poches zipp\u00e9es inf\u00e9rieures <br \/>\u2022 Poignets \u00e9lastiqu\u00e9s <br \/>\u2022 Ourlet r\u00e9glable <br \/>\u2022 Ce produit a recycl\u00e9 8 bouteilles en plastique (format 500 ml) <br \/>\u2022 100% Polyester <br \/>\u2022 Quantit\u00e9 de carton &#8211; 8<\/p>\n<h2>Disponible en:<br \/>\n<\/h2>\n<figure class='gallery-item'>\n\t\t\t\t<a data-elementor-open-lightbox=\"yes\" data-elementor-lightbox-slideshow=\"a6e61a7\" data-elementor-lightbox-title=\"DPN001_13V_P_2\" href='http:\/\/dare2belite.com\/fr\/wp-content\/uploads\/sites\/5\/2021\/08\/DPN001_13V_P_2-2000x2000.jpg'><img width=\"150\" height=\"150\" src=\"http:\/\/dare2belite.com\/fr\/wp-content\/uploads\/sites\/5\/2021\/08\/DPN001_13V_P_2-150x150.jpg\" alt=\"\" loading=\"lazy\" srcset=\"https:\/\/dare2belite.com\/fr\/wp-content\/uploads\/sites\/5\/2021\/08\/DPN001_13V_P_2-150x150.jpg 150w, https:\/\/dare2belite.com\/fr\/wp-content\/uploads\/sites\/5\/2021\/08\/DPN001_13V_P_2-300x300.jpg 300w, https:\/\/dare2belite.com\/fr\/wp-content\/uploads\/sites\/5\/2021\/08\/DPN001_13V_P_2-768x768.jpg 768w, https:\/\/dare2belite.com\/fr\/wp-content\/uploads\/sites\/5\/2021\/08\/DPN001_13V_P_2-1024x1024.jpg 1024w, https:\/\/dare2belite.com\/fr\/wp-content\/uploads\/sites\/5\/2021\/08\/DPN001_13V_P_2-1536x1536.jpg 1536w, https:\/\/dare2belite.com\/fr\/wp-content\/uploads\/sites\/5\/2021\/08\/DPN001_13V_P_2-2000x2000.jpg 2000w\" sizes=\"(max-width: 150px) 100vw, 150px\" \/><\/a><br \/>\n\t\t\t<\/figure>\n<figure class='gallery-item'>\n\t\t\t\t<a data-elementor-open-lightbox=\"yes\" data-elementor-lightbox-slideshow=\"a6e61a7\" data-elementor-lightbox-title=\"DPN001_75N_P_2\" href='http:\/\/dare2belite.com\/fr\/wp-content\/uploads\/sites\/5\/2021\/08\/DPN001_75N_P_2-2000x2000.jpg'><img width=\"150\" height=\"150\" src=\"http:\/\/dare2belite.com\/fr\/wp-content\/uploads\/sites\/5\/2021\/08\/DPN001_75N_P_2-150x150.jpg\" alt=\"\" loading=\"lazy\" srcset=\"https:\/\/dare2belite.com\/fr\/wp-content\/uploads\/sites\/5\/2021\/08\/DPN001_75N_P_2-150x150.jpg 150w, https:\/\/dare2belite.com\/fr\/wp-content\/uploads\/sites\/5\/2021\/08\/DPN001_75N_P_2-300x300.jpg 300w, https:\/\/dare2belite.com\/fr\/wp-content\/uploads\/sites\/5\/2021\/08\/DPN001_75N_P_2-768x768.jpg 768w, https:\/\/dare2belite.com\/fr\/wp-content\/uploads\/sites\/5\/2021\/08\/DPN001_75N_P_2-1024x1024.jpg 1024w, https:\/\/dare2belite.com\/fr\/wp-content\/uploads\/sites\/5\/2021\/08\/DPN001_75N_P_2-1536x1536.jpg 1536w, https:\/\/dare2belite.com\/fr\/wp-content\/uploads\/sites\/5\/2021\/08\/DPN001_75N_P_2-2000x2000.jpg 2000w\" sizes=\"(max-width: 150px) 100vw, 150px\" \/><\/a><br \/>\n\t\t\t<\/figure>\n<figure class='gallery-item'>\n\t\t\t\t<a data-elementor-open-lightbox=\"yes\" data-elementor-lightbox-slideshow=\"a6e61a7\" data-elementor-lightbox-title=\"DPN001_AGK_P_2\" href='http:\/\/dare2belite.com\/fr\/wp-content\/uploads\/sites\/5\/2021\/08\/DPN001_AGK_P_2-2000x2000.jpg'><img width=\"150\" height=\"150\" src=\"http:\/\/dare2belite.com\/fr\/wp-content\/uploads\/sites\/5\/2021\/08\/DPN001_AGK_P_2-150x150.jpg\" alt=\"\" loading=\"lazy\" srcset=\"https:\/\/dare2belite.com\/fr\/wp-content\/uploads\/sites\/5\/2021\/08\/DPN001_AGK_P_2-150x150.jpg 150w, https:\/\/dare2belite.com\/fr\/wp-content\/uploads\/sites\/5\/2021\/08\/DPN001_AGK_P_2-300x300.jpg 300w, https:\/\/dare2belite.com\/fr\/wp-content\/uploads\/sites\/5\/2021\/08\/DPN001_AGK_P_2-768x768.jpg 768w, https:\/\/dare2belite.com\/fr\/wp-content\/uploads\/sites\/5\/2021\/08\/DPN001_AGK_P_2-1024x1024.jpg 1024w, https:\/\/dare2belite.com\/fr\/wp-content\/uploads\/sites\/5\/2021\/08\/DPN001_AGK_P_2-1536x1536.jpg 1536w, https:\/\/dare2belite.com\/fr\/wp-content\/uploads\/sites\/5\/2021\/08\/DPN001_AGK_P_2-2000x2000.jpg 2000w\" sizes=\"(max-width: 150px) 100vw, 150px\" \/><\/a><br \/>\n\t\t\t<\/figure>\n<figure><img src=\"http:\/\/dare2belite.com\/fr\/wp-content\/uploads\/sites\/5\/2021\/08\/DPN001_13V_P_2-2000x2000.jpg\" alt=\"DPN001_13V_P_2\" \/><\/figure>\n<figure><img src=\"http:\/\/dare2belite.com\/fr\/wp-content\/uploads\/sites\/5\/2021\/08\/DPN001_75N_P_2-1-2000x2000.jpg\" alt=\"DPN001_75N_P_2\" \/><\/figure>\n<figure><img src=\"http:\/\/dare2belite.com\/fr\/wp-content\/uploads\/sites\/5\/2021\/08\/DPN001_AGK_P_2-1-2000x2000.jpg\" alt=\"DPN001_AGK_P_2\" \/><\/figure>\n<p>\t\t\t\t\t\tPrevious<br \/>\n\t\t\t\t\t\tNext<\/p>\n<p>1. AmberGlow\/Black 13V<br \/>2.Ebony Grey\/Black 75N<br \/>3.Dark Methyl\/Nightfall Navy AGK<\/p>\n<p>          <!-- Intro video -->  <\/p>\n<section id=\"mylightbox_productIntro\" style=\"background-color:#fff;\" >\n<iframe loading=\"lazy\" src=\"https:\/\/player.vimeo.com\/video\/551440040?title=0&#038;byline=0&#038;portrait=0\" width=\"100%\" height=\"100%\" frameborder=\"0\" allow=\"autoplay; fullscreen; picture-in-picture\" allowfullscreen style=\"width:900px; height:500px;\"><\/iframe><br \/>\n  <\/section>\n<p>          <!-- Intro video -->  <\/p>\n<section id=\"mylightbox_introMarketing\" style=\"background-color:#fff;\" >\n<iframe loading=\"lazy\" src=\"https:\/\/player.vimeo.com\/video\/551440040?title=0&#038;byline=0&#038;portrait=0\" width=\"100%\" height=\"100%\" frameborder=\"0\" allow=\"autoplay; fullscreen; picture-in-picture\" allowfullscreen style=\"width:900px; height:500px;\"><\/iframe><br \/>\n  <\/section>\n<p>          <!-- Brand video -->  <\/p>\n<section id=\"mylightbox_brandMarketing\" style=\"background-color:#fff;\" >\n<iframe loading=\"lazy\" src=\"https:\/\/player.vimeo.com\/video\/551536161?title=0&#038;byline=0&#038;portrait=0\" width=\"100%\" height=\"100%\" frameborder=\"0\" allow=\"autoplay; fullscreen; picture-in-picture\" allowfullscreen style=\"width:900px; height:500px;\"><\/iframe><br \/>\n  <\/section>\n<p>          <!-- Product video -->  <\/p>\n<section id=\"mylightbox_productMarketing\" style=\"background-color:#fff;\" >\n<iframe loading=\"lazy\" src=\"https:\/\/player.vimeo.com\/video\/551423955?title=0&#038;byline=0&#038;portrait=0\" width=\"100%\" height=\"100%\" frameborder=\"0\" allow=\"autoplay; fullscreen; picture-in-picture\" allowfullscreen style=\"width:900px; height:500px;\"><\/iframe><br \/>\n  <\/section>\n<p>\t\t\t\t\t\t\t\t\t\t\t\t\t\t\t\t<a href=\"https:\/\/cfh-dev.a2hosted.com\/dare2b.elite\/wp-content\/uploads\/2021\/09\/D2B3195%20ELITE%20EDIT%20BROCHURE_V6_HR.pdf\"><br \/>\n\t\t\t\t\t\t\t<img width=\"175\" height=\"80\" src=\"http:\/\/dare2belite.com\/fr\/wp-content\/uploads\/sites\/5\/2021\/08\/D2B3226-ELITE-SKI-PAGE-WHITE-SPOTSBROCHURE-175x80.jpg\" alt=\"\" loading=\"lazy\" \/>\t\t\t\t\t\t\t\t<\/a><br \/>\n\t\t\t\t\t\t\t\t\t\t\t\t\t\t\t\t<a href=\"https:\/\/dare2belite.com\/wp-content\/uploads\/2021\/08\/ELITE-TRAINING-MANUAL-AW21.pdf\"><br \/>\n\t\t\t\t\t\t\t<img width=\"175\" height=\"80\" src=\"http:\/\/dare2belite.com\/fr\/wp-content\/uploads\/sites\/5\/2021\/08\/D2B3226-ELITE-SKI-PAGE-WHITE-SPOTSTRAINING-MANUAL-175x80.jpg\" alt=\"\" loading=\"lazy\" \/>\t\t\t\t\t\t\t\t<\/a><br \/>\n\t\t\t\t\t\t\t\t\t\t\t\t\t\t\t\t<a href=\"https:\/\/dare2belite.com\/wp-content\/uploads\/2021\/08\/Size-Chart.pdf\"><br \/>\n\t\t\t\t\t\t\t<img width=\"175\" height=\"80\" src=\"http:\/\/dare2belite.com\/fr\/wp-content\/uploads\/sites\/5\/2021\/08\/D2B3226-ELITE-SKI-PAGE-WHITE-SPOTSSIZE-CHARTS-175x80.jpg\" alt=\"\" loading=\"lazy\" \/>\t\t\t\t\t\t\t\t<\/a><br \/>\n\t\t\t\t\t\t\t\t\t\t\t\t\t\t\t\t<a href=\"https:\/\/dare2belite.com\/fr\/marketing-assets\/\"><br \/>\n\t\t\t\t\t\t\t<img width=\"175\" height=\"80\" src=\"http:\/\/dare2belite.com\/fr\/wp-content\/uploads\/sites\/5\/2021\/08\/D2B3226-ELITE-SKI-PAGE-WHITE-SPOTSMARKETING-ASSETS-175x80.jpg\" alt=\"\" loading=\"lazy\" \/>\t\t\t\t\t\t\t\t<\/a><br \/>\n\t\t\t\t\t\t\t\t\t\t\t\t\t\t\t\t<a href=\"https:\/\/drive.google.com\/drive\/u\/0\/folders\/16rPS9D8GHrJQ76nmPGkEs6CPItjDB3Pc\"><br \/>\n\t\t\t\t\t\t\t<img width=\"175\" height=\"80\" src=\"http:\/\/dare2belite.com\/fr\/wp-content\/uploads\/sites\/5\/2021\/08\/D2B3226-ELITE-SKI-PAGE-WHITE-SPOTSRESOURCE-FOLDER-175x80.jpg\" alt=\"\" loading=\"lazy\" \/>\t\t\t\t\t\t\t\t<\/a><br \/>\n\t\t\t\t\t\t\t\t\t\t\t\t\t\t\t\t<a href=\"https:\/\/dare2belite.com\/wp-content\/uploads\/2021\/08\/Decoration-Guide.pdf\"><br \/>\n\t\t\t\t\t\t\t<img width=\"175\" height=\"80\" src=\"http:\/\/dare2belite.com\/fr\/wp-content\/uploads\/sites\/5\/2021\/08\/D2B3226-ELITE-SKI-PAGE-WHITE-SPOTSDECORATION-GUIDE-175x80.jpg\" alt=\"\" loading=\"lazy\" \/>\t\t\t\t\t\t\t\t<\/a><br \/>\n    <img src=\"http:\/\/dare2belite.com\/wp-content\/uploads\/2021\/08\/D2B3226-ELITE-SKI-PAGE-WHITE-SPOTSPRESENTATIONS-175x80.jpg\"><br \/>\n    <!-- main selector element --><\/p>\n<section id=\"brochureMenu\" data-id=\"3046c3f\" data-element_type=\"section\">\n      <!-- Active --><br \/>\n\t\t\t\t    \t<a href=\"https:\/\/cfh-dev.a2hosted.com\/dare2b.elite\/wp-content\/uploads\/2021\/09\/ELITE-PRES.pdf\"><br \/>\n\t\t\t       <!-- add link to flipbook \/ video here --><br \/>\n   <button id=\"menu-button\" align=\"center\" type=\"button\" >Pr\u00e9sentation d&#8217;introduction<\/button><br \/>\n  <\/a><br \/>\n\t\t\t\t<!-- Swimwear --><br \/>\n\t\t\t\t    \t<a href=\"https:\/\/cfh-dev.a2hosted.com\/dare2b.elite\/wp-content\/uploads\/2021\/09\/ELITE-LAUNCH-MARKETING__compressed.pdf\"><br \/>\n\t\t\t        <!-- add link to flipbook \/ video here --><br \/>\n       <button id=\"menu-button\" align=\"center\" type=\"button\" >Pr\u00e9sentation marketing de la marque<\/button><br \/>\n  \t\t<\/a><br \/>\n\t\t\t\t\t\t\t\t<!-- Swimwear --><br \/>\n\t\t\t\t    \t<a href=\"https:\/\/cfh-dev.a2hosted.com\/dare2b.elite\/wp-content\/uploads\/2021\/09\/D2B%20ELITE%20EDIT%20AW21.mp4\"><br \/>\n\t\t\t        <!-- add link to flipbook \/ video here --><br \/>\n       <button id=\"menu-button\" align=\"center\" type=\"button\" >Pr\u00e9sentation du produitn<\/button><br \/>\n  \t\t<\/a><br \/>\n\t\t<\/section>\n<h2><a href=\"https:\/\/dare2belite.com\/fr\/elite-ski\/\">Retour \u00e0 Ski <\/a><\/h2>\n<h2><a href=\"https:\/\/dare2belite.com\/fr\/elite-lifestyle\/\">Retour \u00e0 Mode de vie <\/a><\/h2>\n","protected":false},"excerpt":{"rendered":"<p>Previous Next HOT SHOT HOODED BAFFLED JACKET DPN001 Tailles XS &#8211; XXXL \u2022 Isolation en duvet synth\u00e9tique recycl\u00e9 ILoft Eco \u2022 Tissu ind\u00e9chirable mat r\u00e9sistant \u00e0 la douche \u2022 Finition hydrofuge \u2022 Badge et \u00e9tiquettes de marque fabriqu\u00e9s \u00e0 partir de mat\u00e9riaux recycl\u00e9s \u2022 Rembourrage haute chaleur \u2022 2 poches zipp\u00e9es inf\u00e9rieures \u2022 Poignets \u00e9lastiqu\u00e9s [&hellip;]<\/p>\n","protected":false},"author":1,"featured_media":0,"parent":0,"menu_order":0,"comment_status":"closed","ping_status":"closed","template":"","meta":{"site-sidebar-layout":"no-sidebar","site-content-layout":"plain-container","ast-site-content-layout":"default","site-content-style":"default","site-sidebar-style":"default","ast-global-header-display":"","ast-banner-title-visibility":"","ast-main-header-display":"","ast-hfb-above-header-display":"","ast-hfb-below-header-display":"","ast-hfb-mobile-header-display":"","site-post-title":"disabled","ast-breadcrumbs-content":"disabled","ast-featured-img":"","footer-sml-layout":"","ast-disable-related-posts":"","theme-transparent-header-meta":"default","adv-header-id-meta":"","stick-header-meta":"","header-above-stick-meta":"","header-main-stick-meta":"","header-below-stick-meta":"","astra-migrate-meta-layouts":"default","ast-page-background-enabled":"default","ast-page-background-meta":{"desktop":{"background-color":"var(--ast-global-color-4)","background-image":"","background-repeat":"repeat","background-position":"center center","background-size":"auto","background-attachment":"scroll","background-type":"","background-media":"","overlay-type":"","overlay-color":"","overlay-opacity":"","overlay-gradient":""},"tablet":{"background-color":"","background-image":"","background-repeat":"repeat","background-position":"center center","background-size":"auto","background-attachment":"scroll","background-type":"","background-media":"","overlay-type":"","overlay-color":"","overlay-opacity":"","overlay-gradient":""},"mobile":{"background-color":"","background-image":"","background-repeat":"repeat","background-position":"center center","background-size":"auto","background-attachment":"scroll","background-type":"","background-media":"","overlay-type":"","overlay-color":"","overlay-opacity":"","overlay-gradient":""}},"ast-content-background-meta":{"desktop":{"background-color":"var(--ast-global-color-5)","background-image":"","background-repeat":"repeat","background-position":"center center","background-size":"auto","background-attachment":"scroll","background-type":"","background-media":"","overlay-type":"","overlay-color":"","overlay-opacity":"","overlay-gradient":""},"tablet":{"background-color":"var(--ast-global-color-5)","background-image":"","background-repeat":"repeat","background-position":"center center","background-size":"auto","background-attachment":"scroll","background-type":"","background-media":"","overlay-type":"","overlay-color":"","overlay-opacity":"","overlay-gradient":""},"mobile":{"background-color":"var(--ast-global-color-5)","background-image":"","background-repeat":"repeat","background-position":"center center","background-size":"auto","background-attachment":"scroll","background-type":"","background-media":"","overlay-type":"","overlay-color":"","overlay-opacity":"","overlay-gradient":""}}},"_links":{"self":[{"href":"https:\/\/dare2belite.com\/fr\/wp-json\/wp\/v2\/pages\/342"}],"collection":[{"href":"https:\/\/dare2belite.com\/fr\/wp-json\/wp\/v2\/pages"}],"about":[{"href":"https:\/\/dare2belite.com\/fr\/wp-json\/wp\/v2\/types\/page"}],"author":[{"embeddable":true,"href":"https:\/\/dare2belite.com\/fr\/wp-json\/wp\/v2\/users\/1"}],"replies":[{"embeddable":true,"href":"https:\/\/dare2belite.com\/fr\/wp-json\/wp\/v2\/comments?post=342"}],"version-history":[{"count":46,"href":"https:\/\/dare2belite.com\/fr\/wp-json\/wp\/v2\/pages\/342\/revisions"}],"predecessor-version":[{"id":1635,"href":"https:\/\/dare2belite.com\/fr\/wp-json\/wp\/v2\/pages\/342\/revisions\/1635"}],"wp:attachment":[{"href":"https:\/\/dare2belite.com\/fr\/wp-json\/wp\/v2\/media?parent=342"}],"curies":[{"name":"wp","href":"https:\/\/api.w.org\/{rel}","templated":true}]}}