{"id":336,"date":"2021-08-10T10:49:01","date_gmt":"2021-08-10T10:49:01","guid":{"rendered":"http:\/\/dare2belite.com\/es\/?page_id=336"},"modified":"2021-09-22T13:09:14","modified_gmt":"2021-09-22T13:09:14","slug":"dpp001-emulate-wintersport-jacket","status":"publish","type":"page","link":"https:\/\/dare2belite.com\/es\/dpp001-emulate-wintersport-jacket\/","title":{"rendered":"DPP001 EMULATE WINTERSPORT JACKET"},"content":{"rendered":"<p><img width=\"118\" height=\"118\" src=\"http:\/\/dare2belite.com\/es\/wp-content\/uploads\/sites\/7\/2021\/08\/D2B3226-PRODUCT-PAGEMODEL-1-1-118x118.jpg\" alt=\"\" loading=\"lazy\" \/><br \/>\n\t\t\t\t\t\t\t\t\t\t\t\t\t\t\t<img width=\"118\" height=\"118\" src=\"http:\/\/dare2belite.com\/es\/wp-content\/uploads\/sites\/7\/2021\/08\/D2B3226-PRODUCT-PAGEMODEL-2-1-118x118.jpg\" alt=\"\" loading=\"lazy\" \/><br \/>\n\t\t\t\t\t\t\t\t\t\t\t\t\t\t\t<img width=\"118\" height=\"118\" src=\"http:\/\/dare2belite.com\/es\/wp-content\/uploads\/sites\/7\/2021\/08\/D2B3226-PRODUCT-PAGEMODEL-3-1-118x118.jpg\" alt=\"\" loading=\"lazy\" \/><br \/>\n\t\t\t\t\t\t\t\t\t\t\t\t\t\t\t<img width=\"118\" height=\"118\" src=\"http:\/\/dare2belite.com\/es\/wp-content\/uploads\/sites\/7\/2021\/08\/D2B3226-PRODUCT-PAGEMODEL-4-1-118x118.jpg\" alt=\"\" loading=\"lazy\" \/><br \/>\n\t\t\t\t\t\t\t\t\t\t\t\t\t\t\t<img width=\"550\" height=\"550\" src=\"http:\/\/dare2belite.com\/es\/wp-content\/uploads\/sites\/7\/2021\/08\/D2B3226-PRODUCT-PAGEMAIN-IMAGE-1-550x550.jpg\" alt=\"\" loading=\"lazy\" srcset=\"https:\/\/dare2belite.com\/es\/wp-content\/uploads\/sites\/7\/2021\/08\/D2B3226-PRODUCT-PAGEMAIN-IMAGE-1-550x550.jpg 550w, https:\/\/dare2belite.com\/es\/wp-content\/uploads\/sites\/7\/2021\/08\/D2B3226-PRODUCT-PAGEMAIN-IMAGE-1-150x150.jpg 150w, https:\/\/dare2belite.com\/es\/wp-content\/uploads\/sites\/7\/2021\/08\/D2B3226-PRODUCT-PAGEMAIN-IMAGE-1-300x300.jpg 300w\" sizes=\"(max-width: 550px) 100vw, 550px\" \/>\t\t\t\t\t\t\t\t\t\t\t\t\t\t\t<\/p>\n<figure><img src=\"http:\/\/dare2belite.com\/es\/wp-content\/uploads\/sites\/7\/2021\/08\/DPP001_AGK_M_1-2000x2000.jpg\" alt=\"DPP001_AGK_M_1\" \/><\/figure>\n<figure><img src=\"http:\/\/dare2belite.com\/es\/wp-content\/uploads\/sites\/7\/2021\/08\/DPP001_AGK_M_2-2000x2000.jpg\" alt=\"DPP001_AGK_M_2\" \/><\/figure>\n<figure><img src=\"http:\/\/dare2belite.com\/es\/wp-content\/uploads\/sites\/7\/2021\/08\/DPP001_AGK_M_3-2000x2000.jpg\" alt=\"DPP001_AGK_M_3\" \/><\/figure>\n<figure><img src=\"http:\/\/dare2belite.com\/es\/wp-content\/uploads\/sites\/7\/2021\/08\/DPP001_AGK_M_4-2000x2000.jpg\" alt=\"DPP001_AGK_M_4\" \/><\/figure>\n<figure><img src=\"http:\/\/dare2belite.com\/es\/wp-content\/uploads\/sites\/7\/2021\/08\/DPP001_AGK_M_5-2000x2000.jpg\" alt=\"DPP001_AGK_M_5\" \/><\/figure>\n<figure><img src=\"http:\/\/dare2belite.com\/es\/wp-content\/uploads\/sites\/7\/2021\/08\/DPP001_AGK_M_6-2000x2000.jpg\" alt=\"DPP001_AGK_M_6\" \/><\/figure>\n<p>\t\t\t\t\t\tPrevious<br \/>\n\t\t\t\t\t\tNext<\/p>\n<h2>EMULATE WINTERSPORT JACKET<br \/>DPP001 <\/h2>\n<h2>Tallas XS &#8211; XXXL <\/h2>\n<figure class='gallery-item'>\n\t\t\t\t<a data-elementor-open-lightbox=\"yes\" data-elementor-lightbox-slideshow=\"798d195\" data-elementor-lightbox-title=\"water_proof_icon\" href='http:\/\/dare2belite.com\/es\/wp-content\/uploads\/sites\/7\/2021\/08\/water_proof_icon-1.png'><img width=\"500\" height=\"500\" src=\"http:\/\/dare2belite.com\/es\/wp-content\/uploads\/sites\/7\/2021\/08\/water_proof_icon-1.png\" alt=\"\" loading=\"lazy\" srcset=\"https:\/\/dare2belite.com\/es\/wp-content\/uploads\/sites\/7\/2021\/08\/water_proof_icon-1.png 500w, https:\/\/dare2belite.com\/es\/wp-content\/uploads\/sites\/7\/2021\/08\/water_proof_icon-1-150x150.png 150w, https:\/\/dare2belite.com\/es\/wp-content\/uploads\/sites\/7\/2021\/08\/water_proof_icon-1-300x300.png 300w\" sizes=\"(max-width: 500px) 100vw, 500px\" \/><\/a><br \/>\n\t\t\t<\/figure>\n<figure class='gallery-item'>\n\t\t\t\t<a data-elementor-open-lightbox=\"yes\" data-elementor-lightbox-slideshow=\"798d195\" data-elementor-lightbox-title=\"breathable_icon\" href='http:\/\/dare2belite.com\/es\/wp-content\/uploads\/sites\/7\/2021\/08\/breathable_icon-1.png'><img width=\"500\" height=\"500\" src=\"http:\/\/dare2belite.com\/es\/wp-content\/uploads\/sites\/7\/2021\/08\/breathable_icon-1.png\" alt=\"\" loading=\"lazy\" srcset=\"https:\/\/dare2belite.com\/es\/wp-content\/uploads\/sites\/7\/2021\/08\/breathable_icon-1.png 500w, https:\/\/dare2belite.com\/es\/wp-content\/uploads\/sites\/7\/2021\/08\/breathable_icon-1-150x150.png 150w, https:\/\/dare2belite.com\/es\/wp-content\/uploads\/sites\/7\/2021\/08\/breathable_icon-1-300x300.png 300w\" sizes=\"(max-width: 500px) 100vw, 500px\" \/><\/a><br \/>\n\t\t\t<\/figure>\n<figure class='gallery-item'>\n\t\t\t\t<a data-elementor-open-lightbox=\"yes\" data-elementor-lightbox-slideshow=\"798d195\" data-elementor-lightbox-title=\"thermal_icon\" href='http:\/\/dare2belite.com\/es\/wp-content\/uploads\/sites\/7\/2021\/08\/thermal_icon-1.png'><img width=\"500\" height=\"500\" src=\"http:\/\/dare2belite.com\/es\/wp-content\/uploads\/sites\/7\/2021\/08\/thermal_icon-1.png\" alt=\"\" loading=\"lazy\" srcset=\"https:\/\/dare2belite.com\/es\/wp-content\/uploads\/sites\/7\/2021\/08\/thermal_icon-1.png 500w, https:\/\/dare2belite.com\/es\/wp-content\/uploads\/sites\/7\/2021\/08\/thermal_icon-1-150x150.png 150w, https:\/\/dare2belite.com\/es\/wp-content\/uploads\/sites\/7\/2021\/08\/thermal_icon-1-300x300.png 300w\" sizes=\"(max-width: 500px) 100vw, 500px\" \/><\/a><br \/>\n\t\t\t<\/figure>\n<figure><img src=\"http:\/\/dare2belite.com\/es\/wp-content\/uploads\/sites\/7\/2021\/08\/water_proof_icon-1.png\" alt=\"water_proof_icon\" \/><\/figure>\n<figure><img src=\"http:\/\/dare2belite.com\/es\/wp-content\/uploads\/sites\/7\/2021\/08\/thermal_icon-1.png\" alt=\"thermal_icon\" \/><\/figure>\n<figure><img src=\"http:\/\/dare2belite.com\/es\/wp-content\/uploads\/sites\/7\/2021\/08\/breathable_icon-1.png\" alt=\"breathable_icon\" \/><\/figure>\n<p>\u2022 Tejido el\u00e1stico reciclado impermeable y transpirable &#8211; Ared 20\/20 <br \/>\u2022 Acabado repelente al agua duradero <br \/>\u2022 Costuras selladas para una protecci\u00f3n impermeable completa <br \/>\u2022 Acolchado de alta calidez <br \/>\u2022 Caracter\u00edsticas de esqu\u00ed completas (incluido el bolsillo del forfait y el fald\u00f3n de nieve fijo con agarre de gel) <br \/>\u2022 Entrada con cremallera oculta en el forro para acceso al bordado <br \/>\u2022 Capucha t\u00e9cnica plegable ajustable <br \/>\u2022 Dise\u00f1o de manga articulada para movimiento sin restricciones <br \/>\u2022 1 bolsillo con cremallera en el pecho <br \/>\u2022 2 x bolsillos inferiores con cremallera <br \/>\u2022 Pu\u00f1os y dobladillo ajustables <br \/>\u2022 Forro de poli\u00e9ster con panel trasero de felpa suave para mayor calidez<br \/> \u2022 2 bolsillos de almacenamiento de malla internos con pa\u00f1o para limpiar lentes de Google <br \/>\u2022 Este producto recicl\u00f3 15 botellas de pl\u00e1stico (tama\u00f1o de 500 ml) \u2022 100% poli\u00e9ster <br \/>\u2022 Cantidad de caja: 8<\/p>\n<h2>Disponible en:<br \/>\n<\/h2>\n<figure class='gallery-item'>\n\t\t\t\t<a data-elementor-open-lightbox=\"yes\" data-elementor-lightbox-slideshow=\"4e4bcf6\" data-elementor-lightbox-title=\"DPP001_13V_P_2\" href='http:\/\/dare2belite.com\/es\/wp-content\/uploads\/sites\/7\/2021\/08\/DPP001_13V_P_2-2000x2000.jpg'><img width=\"150\" height=\"150\" src=\"http:\/\/dare2belite.com\/es\/wp-content\/uploads\/sites\/7\/2021\/08\/DPP001_13V_P_2-150x150.jpg\" alt=\"\" loading=\"lazy\" srcset=\"https:\/\/dare2belite.com\/es\/wp-content\/uploads\/sites\/7\/2021\/08\/DPP001_13V_P_2-150x150.jpg 150w, https:\/\/dare2belite.com\/es\/wp-content\/uploads\/sites\/7\/2021\/08\/DPP001_13V_P_2-300x300.jpg 300w, https:\/\/dare2belite.com\/es\/wp-content\/uploads\/sites\/7\/2021\/08\/DPP001_13V_P_2-768x768.jpg 768w, https:\/\/dare2belite.com\/es\/wp-content\/uploads\/sites\/7\/2021\/08\/DPP001_13V_P_2-1024x1024.jpg 1024w, https:\/\/dare2belite.com\/es\/wp-content\/uploads\/sites\/7\/2021\/08\/DPP001_13V_P_2-1536x1536.jpg 1536w, https:\/\/dare2belite.com\/es\/wp-content\/uploads\/sites\/7\/2021\/08\/DPP001_13V_P_2-2000x2000.jpg 2000w\" sizes=\"(max-width: 150px) 100vw, 150px\" \/><\/a><br \/>\n\t\t\t<\/figure>\n<figure class='gallery-item'>\n\t\t\t\t<a data-elementor-open-lightbox=\"yes\" data-elementor-lightbox-slideshow=\"4e4bcf6\" data-elementor-lightbox-title=\"DPP001_AGK_P_2\" href='http:\/\/dare2belite.com\/es\/wp-content\/uploads\/sites\/7\/2021\/08\/DPP001_AGK_P_2-2000x2000.jpg'><img width=\"150\" height=\"150\" src=\"http:\/\/dare2belite.com\/es\/wp-content\/uploads\/sites\/7\/2021\/08\/DPP001_AGK_P_2-150x150.jpg\" alt=\"\" loading=\"lazy\" srcset=\"https:\/\/dare2belite.com\/es\/wp-content\/uploads\/sites\/7\/2021\/08\/DPP001_AGK_P_2-150x150.jpg 150w, https:\/\/dare2belite.com\/es\/wp-content\/uploads\/sites\/7\/2021\/08\/DPP001_AGK_P_2-300x300.jpg 300w, https:\/\/dare2belite.com\/es\/wp-content\/uploads\/sites\/7\/2021\/08\/DPP001_AGK_P_2-768x768.jpg 768w, https:\/\/dare2belite.com\/es\/wp-content\/uploads\/sites\/7\/2021\/08\/DPP001_AGK_P_2-1024x1024.jpg 1024w, https:\/\/dare2belite.com\/es\/wp-content\/uploads\/sites\/7\/2021\/08\/DPP001_AGK_P_2-1536x1536.jpg 1536w, https:\/\/dare2belite.com\/es\/wp-content\/uploads\/sites\/7\/2021\/08\/DPP001_AGK_P_2-2000x2000.jpg 2000w\" sizes=\"(max-width: 150px) 100vw, 150px\" \/><\/a><br \/>\n\t\t\t<\/figure>\n<figure class='gallery-item'>\n\t\t\t\t<a data-elementor-open-lightbox=\"yes\" data-elementor-lightbox-slideshow=\"4e4bcf6\" data-elementor-lightbox-title=\"DPP001_75N_P_2\" href='http:\/\/dare2belite.com\/es\/wp-content\/uploads\/sites\/7\/2021\/08\/DPP001_75N_P_2-2000x2000.jpg'><img width=\"150\" height=\"150\" src=\"http:\/\/dare2belite.com\/es\/wp-content\/uploads\/sites\/7\/2021\/08\/DPP001_75N_P_2-150x150.jpg\" alt=\"\" loading=\"lazy\" srcset=\"https:\/\/dare2belite.com\/es\/wp-content\/uploads\/sites\/7\/2021\/08\/DPP001_75N_P_2-150x150.jpg 150w, https:\/\/dare2belite.com\/es\/wp-content\/uploads\/sites\/7\/2021\/08\/DPP001_75N_P_2-300x300.jpg 300w, https:\/\/dare2belite.com\/es\/wp-content\/uploads\/sites\/7\/2021\/08\/DPP001_75N_P_2-768x768.jpg 768w, https:\/\/dare2belite.com\/es\/wp-content\/uploads\/sites\/7\/2021\/08\/DPP001_75N_P_2-1024x1024.jpg 1024w, https:\/\/dare2belite.com\/es\/wp-content\/uploads\/sites\/7\/2021\/08\/DPP001_75N_P_2-1536x1536.jpg 1536w, https:\/\/dare2belite.com\/es\/wp-content\/uploads\/sites\/7\/2021\/08\/DPP001_75N_P_2-2000x2000.jpg 2000w\" sizes=\"(max-width: 150px) 100vw, 150px\" \/><\/a><br \/>\n\t\t\t<\/figure>\n<figure><img src=\"http:\/\/dare2belite.com\/es\/wp-content\/uploads\/sites\/7\/2021\/08\/DPP001_13V_P_2-2000x2000.jpg\" alt=\"DPP001_13V_P_2\" \/><\/figure>\n<figure><img src=\"http:\/\/dare2belite.com\/es\/wp-content\/uploads\/sites\/7\/2021\/08\/DPP001_75N_P_2-1-2000x2000.jpg\" alt=\"DPP001_75N_P_2\" \/><\/figure>\n<figure><img src=\"http:\/\/dare2belite.com\/es\/wp-content\/uploads\/sites\/7\/2021\/08\/DPP001_AGK_P_2-1-2000x2000.jpg\" alt=\"DPP001_AGK_P_2\" \/><\/figure>\n<p>\t\t\t\t\t\tPrevious<br \/>\n\t\t\t\t\t\tNext<\/p>\n<p>1. AmberGlow\/Black 13V<br \/>2.Dark Methyl\/Nightfall Navy AGK<br \/>3.Black\/Ebony Grey CAG<\/p>\n<p>          <!-- Intro video -->  <\/p>\n<section id=\"mylightbox_productIntro\" style=\"background-color:#fff;\" >\n<iframe loading=\"lazy\" src=\"https:\/\/player.vimeo.com\/video\/551440040?title=0&#038;byline=0&#038;portrait=0\" width=\"100%\" height=\"100%\" frameborder=\"0\" allow=\"autoplay; fullscreen; picture-in-picture\" allowfullscreen style=\"width:900px; height:500px;\"><\/iframe><br \/>\n  <\/section>\n<p>          <!-- Intro video -->  <\/p>\n<section id=\"mylightbox_introMarketing\" style=\"background-color:#fff;\" >\n<iframe loading=\"lazy\" src=\"https:\/\/player.vimeo.com\/video\/551440040?title=0&#038;byline=0&#038;portrait=0\" width=\"100%\" height=\"100%\" frameborder=\"0\" allow=\"autoplay; fullscreen; picture-in-picture\" allowfullscreen style=\"width:900px; height:500px;\"><\/iframe><br \/>\n  <\/section>\n<p>          <!-- Brand video -->  <\/p>\n<section id=\"mylightbox_brandMarketing\" style=\"background-color:#fff;\" >\n<iframe loading=\"lazy\" src=\"https:\/\/player.vimeo.com\/video\/551536161?title=0&#038;byline=0&#038;portrait=0\" width=\"100%\" height=\"100%\" frameborder=\"0\" allow=\"autoplay; fullscreen; picture-in-picture\" allowfullscreen style=\"width:900px; height:500px;\"><\/iframe><br \/>\n  <\/section>\n<p>          <!-- Product video -->  <\/p>\n<section id=\"mylightbox_productMarketing\" style=\"background-color:#fff;\" >\n<iframe loading=\"lazy\" src=\"https:\/\/player.vimeo.com\/video\/551423955?title=0&#038;byline=0&#038;portrait=0\" width=\"100%\" height=\"100%\" frameborder=\"0\" allow=\"autoplay; fullscreen; picture-in-picture\" allowfullscreen style=\"width:900px; height:500px;\"><\/iframe><br \/>\n  <\/section>\n<p>\t\t\t\t\t\t\t\t\t\t\t\t\t\t\t\t<a href=\"https:\/\/cfh-dev.a2hosted.com\/dare2b.elite\/wp-content\/uploads\/2021\/09\/D2B3195%20ELITE%20EDIT%20BROCHURE_V6_HR.pdf\"><br \/>\n\t\t\t\t\t\t\t<img width=\"175\" height=\"80\" src=\"http:\/\/dare2belite.com\/es\/wp-content\/uploads\/sites\/7\/2021\/08\/D2B3226-ELITE-SKI-PAGE-WHITE-SPOTSBROCHURE-175x80.jpg\" alt=\"\" loading=\"lazy\" \/>\t\t\t\t\t\t\t\t<\/a><br \/>\n\t\t\t\t\t\t\t\t\t\t\t\t\t\t\t\t<a href=\"https:\/\/dare2belite.com\/wp-content\/uploads\/2021\/08\/ELITE-TRAINING-MANUAL-AW21.pdf\"><br \/>\n\t\t\t\t\t\t\t<img width=\"175\" height=\"80\" src=\"http:\/\/dare2belite.com\/es\/wp-content\/uploads\/sites\/7\/2021\/08\/D2B3226-ELITE-SKI-PAGE-WHITE-SPOTSTRAINING-MANUAL-175x80.jpg\" alt=\"\" loading=\"lazy\" \/>\t\t\t\t\t\t\t\t<\/a><br \/>\n\t\t\t\t\t\t\t\t\t\t\t\t\t\t\t\t<a href=\"https:\/\/dare2belite.com\/wp-content\/uploads\/2021\/08\/Size-Chart.pdf\"><br \/>\n\t\t\t\t\t\t\t<img width=\"175\" height=\"80\" src=\"http:\/\/dare2belite.com\/es\/wp-content\/uploads\/sites\/7\/2021\/08\/D2B3226-ELITE-SKI-PAGE-WHITE-SPOTSSIZE-CHARTS-175x80.jpg\" alt=\"\" loading=\"lazy\" \/>\t\t\t\t\t\t\t\t<\/a><br \/>\n\t\t\t\t\t\t\t\t\t\t\t\t\t\t\t\t<a href=\"https:\/\/dare2belite.com\/es\/marketing-assets\/\"><br \/>\n\t\t\t\t\t\t\t<img width=\"175\" height=\"80\" src=\"http:\/\/dare2belite.com\/es\/wp-content\/uploads\/sites\/7\/2021\/08\/D2B3226-ELITE-SKI-PAGE-WHITE-SPOTSMARKETING-ASSETS-175x80.jpg\" alt=\"\" loading=\"lazy\" \/>\t\t\t\t\t\t\t\t<\/a><br \/>\n\t\t\t\t\t\t\t\t\t\t\t\t\t\t\t\t<a href=\"https:\/\/drive.google.com\/drive\/u\/0\/folders\/16rPS9D8GHrJQ76nmPGkEs6CPItjDB3Pc\"><br \/>\n\t\t\t\t\t\t\t<img width=\"175\" height=\"80\" src=\"http:\/\/dare2belite.com\/es\/wp-content\/uploads\/sites\/7\/2021\/08\/D2B3226-ELITE-SKI-PAGE-WHITE-SPOTSRESOURCE-FOLDER-175x80.jpg\" alt=\"\" loading=\"lazy\" \/>\t\t\t\t\t\t\t\t<\/a><br \/>\n\t\t\t\t\t\t\t\t\t\t\t\t\t\t\t\t<a href=\"https:\/\/dare2belite.com\/wp-content\/uploads\/2021\/08\/Decoration-Guide.pdf\"><br \/>\n\t\t\t\t\t\t\t<img width=\"175\" height=\"80\" src=\"http:\/\/dare2belite.com\/es\/wp-content\/uploads\/sites\/7\/2021\/08\/D2B3226-ELITE-SKI-PAGE-WHITE-SPOTSDECORATION-GUIDE-175x80.jpg\" alt=\"\" loading=\"lazy\" \/>\t\t\t\t\t\t\t\t<\/a><br \/>\n    <img src=\"http:\/\/dare2belite.com\/wp-content\/uploads\/2021\/08\/D2B3226-ELITE-SKI-PAGE-WHITE-SPOTSPRESENTATIONS-175x80.jpg\"><br \/>\n    <!-- main selector element --><\/p>\n<section id=\"brochureMenu\" data-id=\"3046c3f\" data-element_type=\"section\">\n      <!-- Active --><br \/>\n\t\t\t\t    \t<a href=\"https:\/\/cfh-dev.a2hosted.com\/dare2b.elite\/wp-content\/uploads\/2021\/09\/ELITE-PRES.pdf\"><br \/>\n\t\t\t       <!-- add link to flipbook \/ video here --><br \/>\n   <button id=\"menu-button\" align=\"center\" type=\"button\" >Presentaci\u00f3n de introducci\u00f3n<\/button><br \/>\n  <\/a><br \/>\n\t\t\t\t<!-- Swimwear --><br \/>\n\t\t\t\t    \t<a href=\"https:\/\/cfh-dev.a2hosted.com\/dare2b.elite\/wp-content\/uploads\/2021\/09\/ELITE-LAUNCH-MARKETING__compressed.pdf\"><br \/>\n\t\t\t        <!-- add link to flipbook \/ video here --><br \/>\n       <button id=\"menu-button\" align=\"center\" type=\"button\" >Presentaci\u00f3n de marketing de marca<\/button><br \/>\n  \t\t<\/a><br \/>\n\t\t\t\t\t\t\t\t<!-- Swimwear --><br \/>\n\t\t\t\t    \t<a href=\"https:\/\/cfh-dev.a2hosted.com\/dare2b.elite\/wp-content\/uploads\/2021\/09\/D2B%20ELITE%20EDIT%20AW21.mp4\"><br \/>\n\t\t\t        <!-- add link to flipbook \/ video here --><br \/>\n       <button id=\"menu-button\" align=\"center\" type=\"button\" >Presentaci\u00f3n del producton<\/button><br \/>\n  \t\t<\/a><br \/>\n\t\t<\/section>\n<h2><a href=\"https:\/\/dare2belite.com\/es\/elite-ski\/\">Volver a Ski <\/a><\/h2>\n","protected":false},"excerpt":{"rendered":"<p>Previous Next EMULATE WINTERSPORT JACKETDPP001 Tallas XS &#8211; XXXL \u2022 Tejido el\u00e1stico reciclado impermeable y transpirable &#8211; Ared 20\/20 \u2022 Acabado repelente al agua duradero \u2022 Costuras selladas para una protecci\u00f3n impermeable completa \u2022 Acolchado de alta calidez \u2022 Caracter\u00edsticas de esqu\u00ed completas (incluido el bolsillo del forfait y el fald\u00f3n de nieve fijo con [&hellip;]<\/p>\n","protected":false},"author":1,"featured_media":0,"parent":0,"menu_order":0,"comment_status":"closed","ping_status":"closed","template":"","meta":{"site-sidebar-layout":"no-sidebar","site-content-layout":"plain-container","ast-site-content-layout":"default","site-content-style":"default","site-sidebar-style":"default","ast-global-header-display":"","ast-banner-title-visibility":"","ast-main-header-display":"","ast-hfb-above-header-display":"","ast-hfb-below-header-display":"","ast-hfb-mobile-header-display":"","site-post-title":"disabled","ast-breadcrumbs-content":"disabled","ast-featured-img":"","footer-sml-layout":"","ast-disable-related-posts":"","theme-transparent-header-meta":"default","adv-header-id-meta":"","stick-header-meta":"","header-above-stick-meta":"","header-main-stick-meta":"","header-below-stick-meta":"","astra-migrate-meta-layouts":"default","ast-page-background-enabled":"default","ast-page-background-meta":{"desktop":{"background-color":"var(--ast-global-color-4)","background-image":"","background-repeat":"repeat","background-position":"center center","background-size":"auto","background-attachment":"scroll","background-type":"","background-media":"","overlay-type":"","overlay-color":"","overlay-opacity":"","overlay-gradient":""},"tablet":{"background-color":"","background-image":"","background-repeat":"repeat","background-position":"center center","background-size":"auto","background-attachment":"scroll","background-type":"","background-media":"","overlay-type":"","overlay-color":"","overlay-opacity":"","overlay-gradient":""},"mobile":{"background-color":"","background-image":"","background-repeat":"repeat","background-position":"center center","background-size":"auto","background-attachment":"scroll","background-type":"","background-media":"","overlay-type":"","overlay-color":"","overlay-opacity":"","overlay-gradient":""}},"ast-content-background-meta":{"desktop":{"background-color":"var(--ast-global-color-5)","background-image":"","background-repeat":"repeat","background-position":"center center","background-size":"auto","background-attachment":"scroll","background-type":"","background-media":"","overlay-type":"","overlay-color":"","overlay-opacity":"","overlay-gradient":""},"tablet":{"background-color":"var(--ast-global-color-5)","background-image":"","background-repeat":"repeat","background-position":"center center","background-size":"auto","background-attachment":"scroll","background-type":"","background-media":"","overlay-type":"","overlay-color":"","overlay-opacity":"","overlay-gradient":""},"mobile":{"background-color":"var(--ast-global-color-5)","background-image":"","background-repeat":"repeat","background-position":"center center","background-size":"auto","background-attachment":"scroll","background-type":"","background-media":"","overlay-type":"","overlay-color":"","overlay-opacity":"","overlay-gradient":""}}},"_links":{"self":[{"href":"https:\/\/dare2belite.com\/es\/wp-json\/wp\/v2\/pages\/336"}],"collection":[{"href":"https:\/\/dare2belite.com\/es\/wp-json\/wp\/v2\/pages"}],"about":[{"href":"https:\/\/dare2belite.com\/es\/wp-json\/wp\/v2\/types\/page"}],"author":[{"embeddable":true,"href":"https:\/\/dare2belite.com\/es\/wp-json\/wp\/v2\/users\/1"}],"replies":[{"embeddable":true,"href":"https:\/\/dare2belite.com\/es\/wp-json\/wp\/v2\/comments?post=336"}],"version-history":[{"count":43,"href":"https:\/\/dare2belite.com\/es\/wp-json\/wp\/v2\/pages\/336\/revisions"}],"predecessor-version":[{"id":1613,"href":"https:\/\/dare2belite.com\/es\/wp-json\/wp\/v2\/pages\/336\/revisions\/1613"}],"wp:attachment":[{"href":"https:\/\/dare2belite.com\/es\/wp-json\/wp\/v2\/media?parent=336"}],"curies":[{"name":"wp","href":"https:\/\/api.w.org\/{rel}","templated":true}]}}