{"id":8,"date":"2021-08-02T08:14:16","date_gmt":"2021-08-02T08:14:16","guid":{"rendered":"http:\/\/dare2belite.com\/de\/?page_id=8"},"modified":"2022-07-29T09:29:25","modified_gmt":"2022-07-29T09:29:25","slug":"main","status":"publish","type":"page","link":"https:\/\/dare2belite.com\/de\/","title":{"rendered":"Main"},"content":{"rendered":"<style>\/*! elementor - v3.6.8 - 27-07-2022 *\/\n.elementor-widget-image{text-align:center}.elementor-widget-image a{display:inline-block}.elementor-widget-image a img[src$=\".svg\"]{width:48px}.elementor-widget-image img{vertical-align:middle;display:inline-block}<\/style>\n<p>\t\t\t\t\t\t\t\t\t\t\t\t<img width=\"1380\" height=\"730\" src=\"http:\/\/dare2belite.com\/de\/wp-content\/uploads\/sites\/4\/2021\/08\/D2B3226-ELITE-EDIT-HOMEPAGEHOMEPAGE-BANNER-1380x730.jpg\" alt=\"\" loading=\"lazy\" srcset=\"https:\/\/dare2belite.com\/de\/wp-content\/uploads\/sites\/4\/2021\/08\/D2B3226-ELITE-EDIT-HOMEPAGEHOMEPAGE-BANNER-1380x730.jpg 1380w, https:\/\/dare2belite.com\/de\/wp-content\/uploads\/sites\/4\/2021\/08\/D2B3226-ELITE-EDIT-HOMEPAGEHOMEPAGE-BANNER-300x159.jpg 300w, https:\/\/dare2belite.com\/de\/wp-content\/uploads\/sites\/4\/2021\/08\/D2B3226-ELITE-EDIT-HOMEPAGEHOMEPAGE-BANNER-768x406.jpg 768w, https:\/\/dare2belite.com\/de\/wp-content\/uploads\/sites\/4\/2021\/08\/D2B3226-ELITE-EDIT-HOMEPAGEHOMEPAGE-BANNER-1024x542.jpg 1024w\" sizes=\"(max-width: 1380px) 100vw, 1380px\" \/><br \/>\n\t\t\t\t\t\t\t\t\t\t\t\t\t\t\t\t<a href=\"https:\/\/dare2belite.com\/de\/elite-ski\/\"><br \/>\n\t\t\t\t\t\t\t<img width=\"650\" height=\"650\" src=\"http:\/\/dare2belite.com\/de\/wp-content\/uploads\/sites\/4\/2022\/07\/Ski-V2-copy.jpg\" alt=\"\" loading=\"lazy\" srcset=\"https:\/\/dare2belite.com\/de\/wp-content\/uploads\/sites\/4\/2022\/07\/Ski-V2-copy.jpg 650w, https:\/\/dare2belite.com\/de\/wp-content\/uploads\/sites\/4\/2022\/07\/Ski-V2-copy-300x300.jpg 300w, https:\/\/dare2belite.com\/de\/wp-content\/uploads\/sites\/4\/2022\/07\/Ski-V2-copy-150x150.jpg 150w\" sizes=\"(max-width: 650px) 100vw, 650px\" \/>\t\t\t\t\t\t\t\t<\/a><br \/>\n\t\t\t\t\t\t\t\t\t\t\t\t\t\t\t\t<a href=\"https:\/\/dare2belite.com\/de\/elite-lifestyle\/\"><br \/>\n\t\t\t\t\t\t\t<img width=\"650\" height=\"650\" src=\"http:\/\/dare2belite.com\/de\/wp-content\/uploads\/sites\/4\/2022\/07\/Lifestyle-V2-copy.jpg\" alt=\"\" loading=\"lazy\" srcset=\"https:\/\/dare2belite.com\/de\/wp-content\/uploads\/sites\/4\/2022\/07\/Lifestyle-V2-copy.jpg 650w, https:\/\/dare2belite.com\/de\/wp-content\/uploads\/sites\/4\/2022\/07\/Lifestyle-V2-copy-300x300.jpg 300w, https:\/\/dare2belite.com\/de\/wp-content\/uploads\/sites\/4\/2022\/07\/Lifestyle-V2-copy-150x150.jpg 150w\" sizes=\"(max-width: 650px) 100vw, 650px\" \/>\t\t\t\t\t\t\t\t<\/a><br \/>\n\t\t\t\t\t\t\t\t\t\t\t\t\t\t\t\t<a href=\"https:\/\/dare2belite.com\/de\/all-products\/\"><br \/>\n\t\t\t\t\t\t\t<img width=\"1380\" height=\"426\" src=\"http:\/\/dare2belite.com\/de\/wp-content\/uploads\/sites\/4\/2021\/08\/D2B3226-ELITE-EDIT-HOMEPAGEALL-PRODUCTS-1380x426.jpg\" alt=\"\" loading=\"lazy\" srcset=\"https:\/\/dare2belite.com\/de\/wp-content\/uploads\/sites\/4\/2021\/08\/D2B3226-ELITE-EDIT-HOMEPAGEALL-PRODUCTS-1380x426.jpg 1380w, https:\/\/dare2belite.com\/de\/wp-content\/uploads\/sites\/4\/2021\/08\/D2B3226-ELITE-EDIT-HOMEPAGEALL-PRODUCTS-300x93.jpg 300w, https:\/\/dare2belite.com\/de\/wp-content\/uploads\/sites\/4\/2021\/08\/D2B3226-ELITE-EDIT-HOMEPAGEALL-PRODUCTS-768x237.jpg 768w, https:\/\/dare2belite.com\/de\/wp-content\/uploads\/sites\/4\/2021\/08\/D2B3226-ELITE-EDIT-HOMEPAGEALL-PRODUCTS-1024x316.jpg 1024w\" sizes=\"(max-width: 1380px) 100vw, 1380px\" \/>\t\t\t\t\t\t\t\t<\/a><br \/>\n\t\t\t\t\t\t\t\t\t\t\t\t\t\t\t\t<a href=\"https:\/\/cfh-dev.a2hosted.com\/dare2b.elite\/wp-content\/uploads\/2021\/09\/D2B3195%20ELITE%20EDIT%20BROCHURE_V6_HR.pdf\"><br \/>\n\t\t\t\t\t\t\t<img width=\"426\" height=\"185\" src=\"http:\/\/dare2belite.com\/de\/wp-content\/uploads\/sites\/4\/2021\/08\/D2B3226-ELITE-EDIT-HOMEPAGEBROCHURE-426x185.jpg\" alt=\"\" loading=\"lazy\" srcset=\"https:\/\/dare2belite.com\/de\/wp-content\/uploads\/sites\/4\/2021\/08\/D2B3226-ELITE-EDIT-HOMEPAGEBROCHURE-426x185.jpg 426w, https:\/\/dare2belite.com\/de\/wp-content\/uploads\/sites\/4\/2021\/08\/D2B3226-ELITE-EDIT-HOMEPAGEBROCHURE-300x130.jpg 300w\" sizes=\"(max-width: 426px) 100vw, 426px\" \/>\t\t\t\t\t\t\t\t<\/a><br \/>\n\t\t\t\t\t\t\t\t\t\t\t\t\t\t\t\t<a href=\"https:\/\/dare2belite.com\/wp-content\/uploads\/2021\/08\/ELITE-TRAINING-MANUAL-AW21.pdf\"><br \/>\n\t\t\t\t\t\t\t<img width=\"426\" height=\"185\" src=\"http:\/\/dare2belite.com\/de\/wp-content\/uploads\/sites\/4\/2021\/08\/D2B3226-ELITE-EDIT-HOMEPAGETRAINING-MANUAL-426x185.jpg\" alt=\"\" loading=\"lazy\" srcset=\"https:\/\/dare2belite.com\/de\/wp-content\/uploads\/sites\/4\/2021\/08\/D2B3226-ELITE-EDIT-HOMEPAGETRAINING-MANUAL-426x185.jpg 426w, https:\/\/dare2belite.com\/de\/wp-content\/uploads\/sites\/4\/2021\/08\/D2B3226-ELITE-EDIT-HOMEPAGETRAINING-MANUAL-300x130.jpg 300w\" sizes=\"(max-width: 426px) 100vw, 426px\" \/>\t\t\t\t\t\t\t\t<\/a><br \/>\n\t\t\t\t\t\t\t\t\t\t\t\t\t\t\t\t<a href=\"https:\/\/dare2belite.com\/wp-content\/uploads\/2021\/08\/Size-Chart.pdf\"><br \/>\n\t\t\t\t\t\t\t<img width=\"426\" height=\"185\" src=\"http:\/\/dare2belite.com\/de\/wp-content\/uploads\/sites\/4\/2021\/08\/D2B3226-ELITE-EDIT-HOMEPAGESIZE-CHARTS-426x185.jpg\" alt=\"\" loading=\"lazy\" srcset=\"https:\/\/dare2belite.com\/de\/wp-content\/uploads\/sites\/4\/2021\/08\/D2B3226-ELITE-EDIT-HOMEPAGESIZE-CHARTS-426x185.jpg 426w, https:\/\/dare2belite.com\/de\/wp-content\/uploads\/sites\/4\/2021\/08\/D2B3226-ELITE-EDIT-HOMEPAGESIZE-CHARTS-300x130.jpg 300w\" sizes=\"(max-width: 426px) 100vw, 426px\" \/>\t\t\t\t\t\t\t\t<\/a><br \/>\n\t\t\t\t\t\t\t\t\t\t\t\t\t\t\t\t<a href=\"https:\/\/dare2belite.com\/de\/marketing-assets\/\"><br \/>\n\t\t\t\t\t\t\t<img width=\"1380\" height=\"185\" src=\"http:\/\/dare2belite.com\/de\/wp-content\/uploads\/sites\/4\/2021\/08\/D2B3226-ELITE-EDIT-HOMEPAGEMARKETING-ASSETS-1380x185.jpg\" alt=\"\" loading=\"lazy\" srcset=\"https:\/\/dare2belite.com\/de\/wp-content\/uploads\/sites\/4\/2021\/08\/D2B3226-ELITE-EDIT-HOMEPAGEMARKETING-ASSETS-1380x185.jpg 1380w, https:\/\/dare2belite.com\/de\/wp-content\/uploads\/sites\/4\/2021\/08\/D2B3226-ELITE-EDIT-HOMEPAGEMARKETING-ASSETS-300x40.jpg 300w, https:\/\/dare2belite.com\/de\/wp-content\/uploads\/sites\/4\/2021\/08\/D2B3226-ELITE-EDIT-HOMEPAGEMARKETING-ASSETS-768x103.jpg 768w, https:\/\/dare2belite.com\/de\/wp-content\/uploads\/sites\/4\/2021\/08\/D2B3226-ELITE-EDIT-HOMEPAGEMARKETING-ASSETS-1024x137.jpg 1024w\" sizes=\"(max-width: 1380px) 100vw, 1380px\" \/>\t\t\t\t\t\t\t\t<\/a><br \/>\n\t\t\t\t\t\t\t\t\t\t\t\t\t\t\t\t<a href=\"https:\/\/dare2belite.com\/wp-content\/uploads\/2021\/08\/D2B3195-ELITE-EDIT-BROCHURE_V6_HR.pdf\"><br \/>\n\t\t\t\t\t\t\t<img width=\"426\" height=\"185\" src=\"http:\/\/dare2belite.com\/de\/wp-content\/uploads\/sites\/4\/2021\/08\/D2B3226-ELITE-EDIT-HOMEPAGERESOURCE-FOLDER-LINK-426x185.jpg\" alt=\"\" loading=\"lazy\" srcset=\"https:\/\/dare2belite.com\/de\/wp-content\/uploads\/sites\/4\/2021\/08\/D2B3226-ELITE-EDIT-HOMEPAGERESOURCE-FOLDER-LINK-426x185.jpg 426w, https:\/\/dare2belite.com\/de\/wp-content\/uploads\/sites\/4\/2021\/08\/D2B3226-ELITE-EDIT-HOMEPAGERESOURCE-FOLDER-LINK-300x130.jpg 300w\" sizes=\"(max-width: 426px) 100vw, 426px\" \/>\t\t\t\t\t\t\t\t<\/a><br \/>\n\t\t\t\t\t\t\t\t\t\t\t\t\t\t\t\t<a href=\"https:\/\/dare2belite.com\/wp-content\/uploads\/2021\/08\/Decoration-Guide.pdf\"><br \/>\n\t\t\t\t\t\t\t<img src=\"http:\/\/dare2belite.com\/de\/wp-content\/uploads\/sites\/4\/elementor\/thumbs\/D2B3226-ELITE-EDIT-HOMEPAGEDECORATION-GUIDE-426x185-pd5wsvnl63wzyygda8sgn2m770s20m6jxylrmdnl6o.jpg\" title=\"D2B3226 ELITE EDIT HOMEPAGEDECORATION GUIDE\" alt=\"D2B3226 ELITE EDIT HOMEPAGEDECORATION GUIDE\" \/>\t\t\t\t\t\t\t\t<\/a><br \/>\n    <img src=\"http:\/\/dare2belite.com\/wp-content\/uploads\/2021\/08\/D2B3226-ELITE-EDIT-HOMEPAGEPRESENTATIONS-426x185.jpg\"><br \/>\n    <!-- main selector element --><\/p>\n<section id=\"brochureMenu\" data-id=\"3046c3f\" data-element_type=\"section\">\n      <!-- Active --><br \/>\n\t\t\t\t    \t<a href=\"https:\/\/cfh-dev.a2hosted.com\/dare2b.elite\/wp-content\/uploads\/2021\/09\/ELITE-PRES.pdf\"><br \/>\n\t\t\t       <!-- add link to flipbook \/ video here --><br \/>\n   <button id=\"menu-button\" align=\"center\" type=\"button\" >Einf\u00fchrungspr\u00e4sentation<\/button><br \/>\n  <\/a><br \/>\n\t\t\t\t<!-- Swimwear --><br \/>\n\t\t\t\t    \t<a href=\"https:\/\/cfh-dev.a2hosted.com\/dare2b.elite\/wp-content\/uploads\/2021\/09\/ELITE-LAUNCH-MARKETING__compressed.pdf\"><br \/>\n\t\t\t        <!-- add link to flipbook \/ video here --><br \/>\n       <button id=\"menu-button\" align=\"center\" type=\"button\" >Markenmarketing-Pr\u00e4sentation<\/button><br \/>\n  \t\t<\/a><br \/>\n\t\t\t\t\t\t\t\t<!-- Swimwear --><br \/>\n\t\t\t\t    \t<a href=\"https:\/\/cfh-dev.a2hosted.com\/dare2b.elite\/wp-content\/uploads\/2021\/09\/D2B%20ELITE%20EDIT%20AW21.mp4\"><br \/>\n\t\t\t        <!-- add link to flipbook \/ video here --><br \/>\n       <button id=\"menu-button\" align=\"center\" type=\"button\" >Produktpr\u00e4sentation<\/button><br \/>\n  \t\t<\/a><br \/>\n\t\t<\/section>\n<p>          <!-- Intro video -->  <\/p>\n<section id=\"mylightbox_productIntro\" style=\"background-color:#fff;\" >\n<iframe loading=\"lazy\" src=\"https:\/\/player.vimeo.com\/video\/551440040?title=0&#038;byline=0&#038;portrait=0\" width=\"100%\" height=\"100%\" frameborder=\"0\" allow=\"autoplay; fullscreen; picture-in-picture\" allowfullscreen style=\"width:900px; height:500px;\"><\/iframe><br \/>\n  <\/section>\n<p>          <!-- Intro video -->  <\/p>\n<section id=\"mylightbox_introMarketing\" style=\"background-color:#fff;\" >\n<iframe loading=\"lazy\" src=\"https:\/\/player.vimeo.com\/video\/551440040?title=0&#038;byline=0&#038;portrait=0\" width=\"100%\" height=\"100%\" frameborder=\"0\" allow=\"autoplay; fullscreen; picture-in-picture\" allowfullscreen style=\"width:900px; height:500px;\"><\/iframe><br \/>\n  <\/section>\n<p>          <!-- Brand video -->  <\/p>\n<section id=\"mylightbox_brandMarketing\" style=\"background-color:#fff;\" >\n<iframe loading=\"lazy\" src=\"https:\/\/player.vimeo.com\/video\/551536161?title=0&#038;byline=0&#038;portrait=0\" width=\"100%\" height=\"100%\" frameborder=\"0\" allow=\"autoplay; fullscreen; picture-in-picture\" allowfullscreen style=\"width:900px; height:500px;\"><\/iframe><br \/>\n  <\/section>\n<p>          <!-- Product video -->  <\/p>\n<section id=\"mylightbox_productMarketing\" style=\"background-color:#fff;\" >\n<iframe loading=\"lazy\" src=\"https:\/\/player.vimeo.com\/video\/551423955?title=0&#038;byline=0&#038;portrait=0\" width=\"100%\" height=\"100%\" frameborder=\"0\" allow=\"autoplay; fullscreen; picture-in-picture\" allowfullscreen style=\"width:900px; height:500px;\"><\/iframe><br \/>\n  <\/section>\n","protected":false},"excerpt":{"rendered":"<p>Einf\u00fchrungspr\u00e4sentation Markenmarketing-Pr\u00e4sentation Produktpr\u00e4sentation<\/p>\n","protected":false},"author":1,"featured_media":0,"parent":0,"menu_order":0,"comment_status":"closed","ping_status":"closed","template":"","meta":{"site-sidebar-layout":"no-sidebar","site-content-layout":"page-builder","ast-site-content-layout":"default","site-content-style":"default","site-sidebar-style":"default","ast-global-header-display":"","ast-banner-title-visibility":"","ast-main-header-display":"","ast-hfb-above-header-display":"","ast-hfb-below-header-display":"","ast-hfb-mobile-header-display":"","site-post-title":"disabled","ast-breadcrumbs-content":"disabled","ast-featured-img":"disabled","footer-sml-layout":"","ast-disable-related-posts":"","theme-transparent-header-meta":"default","adv-header-id-meta":"","stick-header-meta":"","header-above-stick-meta":"","header-main-stick-meta":"","header-below-stick-meta":"","astra-migrate-meta-layouts":"default","ast-page-background-enabled":"default","ast-page-background-meta":{"desktop":{"background-color":"var(--ast-global-color-4)","background-image":"","background-repeat":"repeat","background-position":"center center","background-size":"auto","background-attachment":"scroll","background-type":"","background-media":"","overlay-type":"","overlay-color":"","overlay-opacity":"","overlay-gradient":""},"tablet":{"background-color":"","background-image":"","background-repeat":"repeat","background-position":"center center","background-size":"auto","background-attachment":"scroll","background-type":"","background-media":"","overlay-type":"","overlay-color":"","overlay-opacity":"","overlay-gradient":""},"mobile":{"background-color":"","background-image":"","background-repeat":"repeat","background-position":"center center","background-size":"auto","background-attachment":"scroll","background-type":"","background-media":"","overlay-type":"","overlay-color":"","overlay-opacity":"","overlay-gradient":""}},"ast-content-background-meta":{"desktop":{"background-color":"var(--ast-global-color-5)","background-image":"","background-repeat":"repeat","background-position":"center center","background-size":"auto","background-attachment":"scroll","background-type":"","background-media":"","overlay-type":"","overlay-color":"","overlay-opacity":"","overlay-gradient":""},"tablet":{"background-color":"var(--ast-global-color-5)","background-image":"","background-repeat":"repeat","background-position":"center center","background-size":"auto","background-attachment":"scroll","background-type":"","background-media":"","overlay-type":"","overlay-color":"","overlay-opacity":"","overlay-gradient":""},"mobile":{"background-color":"var(--ast-global-color-5)","background-image":"","background-repeat":"repeat","background-position":"center center","background-size":"auto","background-attachment":"scroll","background-type":"","background-media":"","overlay-type":"","overlay-color":"","overlay-opacity":"","overlay-gradient":""}}},"_links":{"self":[{"href":"https:\/\/dare2belite.com\/de\/wp-json\/wp\/v2\/pages\/8"}],"collection":[{"href":"https:\/\/dare2belite.com\/de\/wp-json\/wp\/v2\/pages"}],"about":[{"href":"https:\/\/dare2belite.com\/de\/wp-json\/wp\/v2\/types\/page"}],"author":[{"embeddable":true,"href":"https:\/\/dare2belite.com\/de\/wp-json\/wp\/v2\/users\/1"}],"replies":[{"embeddable":true,"href":"https:\/\/dare2belite.com\/de\/wp-json\/wp\/v2\/comments?post=8"}],"version-history":[{"count":197,"href":"https:\/\/dare2belite.com\/de\/wp-json\/wp\/v2\/pages\/8\/revisions"}],"predecessor-version":[{"id":1691,"href":"https:\/\/dare2belite.com\/de\/wp-json\/wp\/v2\/pages\/8\/revisions\/1691"}],"wp:attachment":[{"href":"https:\/\/dare2belite.com\/de\/wp-json\/wp\/v2\/media?parent=8"}],"curies":[{"name":"wp","href":"https:\/\/api.w.org\/{rel}","templated":true}]}}