{"id":262,"date":"2021-08-10T10:27:04","date_gmt":"2021-08-10T10:27:04","guid":{"rendered":"http:\/\/dare2belite.com\/de\/?page_id=262"},"modified":"2021-09-22T12:52:39","modified_gmt":"2021-09-22T12:52:39","slug":"dpw001-standfast-wintersport-pant","status":"publish","type":"page","link":"https:\/\/dare2belite.com\/de\/dpw001-standfast-wintersport-pant\/","title":{"rendered":"DPW001 STANDFAST WINTERSPORT PANT"},"content":{"rendered":"<p><img width=\"2000\" height=\"2000\" src=\"http:\/\/dare2belite.com\/de\/wp-content\/uploads\/sites\/4\/2021\/08\/DPW001_3T6_M_1-2000x2000.jpg\" alt=\"\" loading=\"lazy\" srcset=\"https:\/\/dare2belite.com\/de\/wp-content\/uploads\/sites\/4\/2021\/08\/DPW001_3T6_M_1-2000x2000.jpg 2000w, https:\/\/dare2belite.com\/de\/wp-content\/uploads\/sites\/4\/2021\/08\/DPW001_3T6_M_1-150x150.jpg 150w, https:\/\/dare2belite.com\/de\/wp-content\/uploads\/sites\/4\/2021\/08\/DPW001_3T6_M_1-300x300.jpg 300w, https:\/\/dare2belite.com\/de\/wp-content\/uploads\/sites\/4\/2021\/08\/DPW001_3T6_M_1-768x768.jpg 768w, https:\/\/dare2belite.com\/de\/wp-content\/uploads\/sites\/4\/2021\/08\/DPW001_3T6_M_1-1024x1024.jpg 1024w, https:\/\/dare2belite.com\/de\/wp-content\/uploads\/sites\/4\/2021\/08\/DPW001_3T6_M_1-1536x1536.jpg 1536w\" sizes=\"(max-width: 2000px) 100vw, 2000px\" \/><br \/>\n\t\t\t\t\t\t\t\t\t\t\t\t\t\t\t<img width=\"2000\" height=\"2000\" src=\"http:\/\/dare2belite.com\/de\/wp-content\/uploads\/sites\/4\/2021\/08\/DPW001_3T6_M_6-2000x2000.jpg\" alt=\"\" loading=\"lazy\" srcset=\"https:\/\/dare2belite.com\/de\/wp-content\/uploads\/sites\/4\/2021\/08\/DPW001_3T6_M_6-2000x2000.jpg 2000w, https:\/\/dare2belite.com\/de\/wp-content\/uploads\/sites\/4\/2021\/08\/DPW001_3T6_M_6-150x150.jpg 150w, https:\/\/dare2belite.com\/de\/wp-content\/uploads\/sites\/4\/2021\/08\/DPW001_3T6_M_6-300x300.jpg 300w, https:\/\/dare2belite.com\/de\/wp-content\/uploads\/sites\/4\/2021\/08\/DPW001_3T6_M_6-768x768.jpg 768w, https:\/\/dare2belite.com\/de\/wp-content\/uploads\/sites\/4\/2021\/08\/DPW001_3T6_M_6-1024x1024.jpg 1024w, https:\/\/dare2belite.com\/de\/wp-content\/uploads\/sites\/4\/2021\/08\/DPW001_3T6_M_6-1536x1536.jpg 1536w\" sizes=\"(max-width: 2000px) 100vw, 2000px\" \/><br \/>\n\t\t\t\t\t\t\t\t\t\t\t\t\t\t\t<img width=\"2000\" height=\"2000\" src=\"http:\/\/dare2belite.com\/de\/wp-content\/uploads\/sites\/4\/2021\/08\/DPW001_3T6_M_4-2000x2000.jpg\" alt=\"\" loading=\"lazy\" srcset=\"https:\/\/dare2belite.com\/de\/wp-content\/uploads\/sites\/4\/2021\/08\/DPW001_3T6_M_4-2000x2000.jpg 2000w, https:\/\/dare2belite.com\/de\/wp-content\/uploads\/sites\/4\/2021\/08\/DPW001_3T6_M_4-150x150.jpg 150w, https:\/\/dare2belite.com\/de\/wp-content\/uploads\/sites\/4\/2021\/08\/DPW001_3T6_M_4-300x300.jpg 300w, https:\/\/dare2belite.com\/de\/wp-content\/uploads\/sites\/4\/2021\/08\/DPW001_3T6_M_4-768x768.jpg 768w, https:\/\/dare2belite.com\/de\/wp-content\/uploads\/sites\/4\/2021\/08\/DPW001_3T6_M_4-1024x1024.jpg 1024w, https:\/\/dare2belite.com\/de\/wp-content\/uploads\/sites\/4\/2021\/08\/DPW001_3T6_M_4-1536x1536.jpg 1536w\" sizes=\"(max-width: 2000px) 100vw, 2000px\" \/><br \/>\n\t\t\t\t\t\t\t\t\t\t\t\t\t\t\t<img width=\"2000\" height=\"2000\" src=\"http:\/\/dare2belite.com\/de\/wp-content\/uploads\/sites\/4\/2021\/08\/DPW001_3T6_M_5-2000x2000.jpg\" alt=\"\" loading=\"lazy\" srcset=\"https:\/\/dare2belite.com\/de\/wp-content\/uploads\/sites\/4\/2021\/08\/DPW001_3T6_M_5-2000x2000.jpg 2000w, https:\/\/dare2belite.com\/de\/wp-content\/uploads\/sites\/4\/2021\/08\/DPW001_3T6_M_5-150x150.jpg 150w, https:\/\/dare2belite.com\/de\/wp-content\/uploads\/sites\/4\/2021\/08\/DPW001_3T6_M_5-300x300.jpg 300w, https:\/\/dare2belite.com\/de\/wp-content\/uploads\/sites\/4\/2021\/08\/DPW001_3T6_M_5-768x768.jpg 768w, https:\/\/dare2belite.com\/de\/wp-content\/uploads\/sites\/4\/2021\/08\/DPW001_3T6_M_5-1024x1024.jpg 1024w, https:\/\/dare2belite.com\/de\/wp-content\/uploads\/sites\/4\/2021\/08\/DPW001_3T6_M_5-1536x1536.jpg 1536w\" sizes=\"(max-width: 2000px) 100vw, 2000px\" \/><br \/>\n\t\t\t\t\t\t\t\t\t\t\t\t\t\t\t<img width=\"2000\" height=\"2000\" src=\"http:\/\/dare2belite.com\/de\/wp-content\/uploads\/sites\/4\/2021\/08\/DPW001_3T6_M_3-2000x2000.jpg\" alt=\"\" loading=\"lazy\" srcset=\"https:\/\/dare2belite.com\/de\/wp-content\/uploads\/sites\/4\/2021\/08\/DPW001_3T6_M_3-2000x2000.jpg 2000w, https:\/\/dare2belite.com\/de\/wp-content\/uploads\/sites\/4\/2021\/08\/DPW001_3T6_M_3-150x150.jpg 150w, https:\/\/dare2belite.com\/de\/wp-content\/uploads\/sites\/4\/2021\/08\/DPW001_3T6_M_3-300x300.jpg 300w, https:\/\/dare2belite.com\/de\/wp-content\/uploads\/sites\/4\/2021\/08\/DPW001_3T6_M_3-768x768.jpg 768w, https:\/\/dare2belite.com\/de\/wp-content\/uploads\/sites\/4\/2021\/08\/DPW001_3T6_M_3-1024x1024.jpg 1024w, https:\/\/dare2belite.com\/de\/wp-content\/uploads\/sites\/4\/2021\/08\/DPW001_3T6_M_3-1536x1536.jpg 1536w\" sizes=\"(max-width: 2000px) 100vw, 2000px\" \/>\t\t\t\t\t\t\t\t\t\t\t\t\t\t\t<\/p>\n<figure><img src=\"http:\/\/dare2belite.com\/de\/wp-content\/uploads\/sites\/4\/2021\/08\/DPW001_3T6_M_1-2000x2000.jpg\" alt=\"DPW001_3T6_M_1\" \/><\/figure>\n<figure><img src=\"http:\/\/dare2belite.com\/de\/wp-content\/uploads\/sites\/4\/2021\/08\/DPW001_3T6_M_2-2000x2000.jpg\" alt=\"DPW001_3T6_M_2\" \/><\/figure>\n<figure><img src=\"http:\/\/dare2belite.com\/de\/wp-content\/uploads\/sites\/4\/2021\/08\/DPW001_3T6_M_3-2000x2000.jpg\" alt=\"DPW001_3T6_M_3\" \/><\/figure>\n<figure><img src=\"http:\/\/dare2belite.com\/de\/wp-content\/uploads\/sites\/4\/2021\/08\/DPW001_3T6_M_4-2000x2000.jpg\" alt=\"DPW001_3T6_M_4\" \/><\/figure>\n<figure><img src=\"http:\/\/dare2belite.com\/de\/wp-content\/uploads\/sites\/4\/2021\/08\/DPW001_3T6_M_5-2000x2000.jpg\" alt=\"DPW001_3T6_M_5\" \/><\/figure>\n<figure><img src=\"http:\/\/dare2belite.com\/de\/wp-content\/uploads\/sites\/4\/2021\/08\/DPW001_3T6_M_6-2000x2000.jpg\" alt=\"DPW001_3T6_M_6\" \/><\/figure>\n<p>\t\t\t\t\t\tPrevious<br \/>\n\t\t\t\t\t\tNext<\/p>\n<h2>STANDFAST WINTERSPORT PANT<br \/>DPW001<\/h2>\n<h2>Gr\u00f6\u00dfen XS &#8211; XXXL <\/h2>\n<figure class='gallery-item'>\n\t\t\t\t<a data-elementor-open-lightbox=\"yes\" data-elementor-lightbox-slideshow=\"6ae0bd8\" data-elementor-lightbox-title=\"water_proof_icon\" href='http:\/\/dare2belite.com\/de\/wp-content\/uploads\/sites\/4\/2021\/08\/water_proof_icon-1.png'><img width=\"500\" height=\"500\" src=\"http:\/\/dare2belite.com\/de\/wp-content\/uploads\/sites\/4\/2021\/08\/water_proof_icon-1.png\" alt=\"\" loading=\"lazy\" srcset=\"https:\/\/dare2belite.com\/de\/wp-content\/uploads\/sites\/4\/2021\/08\/water_proof_icon-1.png 500w, https:\/\/dare2belite.com\/de\/wp-content\/uploads\/sites\/4\/2021\/08\/water_proof_icon-1-150x150.png 150w, https:\/\/dare2belite.com\/de\/wp-content\/uploads\/sites\/4\/2021\/08\/water_proof_icon-1-300x300.png 300w\" sizes=\"(max-width: 500px) 100vw, 500px\" \/><\/a><br \/>\n\t\t\t<\/figure>\n<figure class='gallery-item'>\n\t\t\t\t<a data-elementor-open-lightbox=\"yes\" data-elementor-lightbox-slideshow=\"6ae0bd8\" data-elementor-lightbox-title=\"breathable_icon\" href='http:\/\/dare2belite.com\/de\/wp-content\/uploads\/sites\/4\/2021\/08\/breathable_icon-1.png'><img width=\"500\" height=\"500\" src=\"http:\/\/dare2belite.com\/de\/wp-content\/uploads\/sites\/4\/2021\/08\/breathable_icon-1.png\" alt=\"\" loading=\"lazy\" srcset=\"https:\/\/dare2belite.com\/de\/wp-content\/uploads\/sites\/4\/2021\/08\/breathable_icon-1.png 500w, https:\/\/dare2belite.com\/de\/wp-content\/uploads\/sites\/4\/2021\/08\/breathable_icon-1-150x150.png 150w, https:\/\/dare2belite.com\/de\/wp-content\/uploads\/sites\/4\/2021\/08\/breathable_icon-1-300x300.png 300w\" sizes=\"(max-width: 500px) 100vw, 500px\" \/><\/a><br \/>\n\t\t\t<\/figure>\n<figure class='gallery-item'>\n\t\t\t\t<a data-elementor-open-lightbox=\"yes\" data-elementor-lightbox-slideshow=\"6ae0bd8\" data-elementor-lightbox-title=\"thermal_icon\" href='http:\/\/dare2belite.com\/de\/wp-content\/uploads\/sites\/4\/2021\/08\/thermal_icon-1.png'><img width=\"500\" height=\"500\" src=\"http:\/\/dare2belite.com\/de\/wp-content\/uploads\/sites\/4\/2021\/08\/thermal_icon-1.png\" alt=\"\" loading=\"lazy\" srcset=\"https:\/\/dare2belite.com\/de\/wp-content\/uploads\/sites\/4\/2021\/08\/thermal_icon-1.png 500w, https:\/\/dare2belite.com\/de\/wp-content\/uploads\/sites\/4\/2021\/08\/thermal_icon-1-150x150.png 150w, https:\/\/dare2belite.com\/de\/wp-content\/uploads\/sites\/4\/2021\/08\/thermal_icon-1-300x300.png 300w\" sizes=\"(max-width: 500px) 100vw, 500px\" \/><\/a><br \/>\n\t\t\t<\/figure>\n<figure><img src=\"http:\/\/dare2belite.com\/de\/wp-content\/uploads\/sites\/4\/2021\/08\/water_proof_icon-1.png\" alt=\"water_proof_icon\" \/><\/figure>\n<figure><img src=\"http:\/\/dare2belite.com\/de\/wp-content\/uploads\/sites\/4\/2021\/08\/thermal_icon-1.png\" alt=\"thermal_icon\" \/><\/figure>\n<figure><img src=\"http:\/\/dare2belite.com\/de\/wp-content\/uploads\/sites\/4\/2021\/08\/breathable_icon-1.png\" alt=\"breathable_icon\" \/><\/figure>\n<p>\u2022 Recyceltes wasserdichtes und atmungsaktives Stretchmaterial &#8211; Ared 20\/20<br \/>\u2022 Strapazierf\u00e4higes wasserabweisendes Finish <br \/>\u2022 Verschwei\u00dfte N\u00e4hte f\u00fcr vollst\u00e4ndigen wasserdichten Schutz <br \/>\u2022 Komplette Ski-Features (inkl. verstellbare Hosentr\u00e4ger, Schneegamaschen und ein Rei\u00dfverschlusszwickel am Saum) <br \/>\u2022 Fleece-gef\u00fctterte Oberschenkel f\u00fcr zus\u00e4tzliche W\u00e4rme <br \/>\u2022 Verstellbares Taillensystem mit hoher R\u00fcckseite <br \/>\u2022 2 x seitliche Rei\u00dfverschlusstaschen <br \/>\u2022 Vorgeformtes Kniedesign f\u00fcr uneingeschr\u00e4nkte Bewegungsfreiheit <br \/>\u2022 Abriebfestes Gewebe an Innenkn\u00f6chel und Bindungen f\u00fcr zus\u00e4tzliche Strapazierf\u00e4higkeit <br \/>\u2022 Saum zu schlie\u00dfen, wenn die Stiefel ausgezogen sind <br \/>\u2022 Dieses Produkt recycelt 8 Plastikflaschen (Gr\u00f6\u00dfe 500 ml) <br \/>\u2022 100% Polyester <br \/>\u2022 Kartonmenge &#8211; 8<\/p>\n<h2>Verf\u00fcgbar in:<br \/>\n<\/h2>\n<figure><img src=\"http:\/\/dare2belite.com\/de\/wp-content\/uploads\/sites\/4\/2021\/08\/DPW001_3T6_P_2-1-2000x2000.jpg\" alt=\"DPW001_3T6_P_2\" \/><\/figure>\n<figure><img src=\"http:\/\/dare2belite.com\/de\/wp-content\/uploads\/sites\/4\/2021\/08\/DPW001_685_P_2-1-2000x2000.jpg\" alt=\"DPW001_685_P_2\" \/><\/figure>\n<figure><img src=\"http:\/\/dare2belite.com\/de\/wp-content\/uploads\/sites\/4\/2021\/08\/DPW001_800_P_2-1-2000x2000.jpg\" alt=\"DPW001_800_P_2\" \/><\/figure>\n<p>\t\t\t\t\t\tPrevious<br \/>\n\t\t\t\t\t\tNext<\/p>\n<figure class='gallery-item'>\n\t\t\t\t<a data-elementor-open-lightbox=\"yes\" data-elementor-lightbox-slideshow=\"4d6d9aa\" data-elementor-lightbox-title=\"DPW001_3T6_P_2\" href='http:\/\/dare2belite.com\/de\/wp-content\/uploads\/sites\/4\/2021\/08\/DPW001_3T6_P_2-1-2000x2000.jpg'><img width=\"150\" height=\"150\" src=\"http:\/\/dare2belite.com\/de\/wp-content\/uploads\/sites\/4\/2021\/08\/DPW001_3T6_P_2-1-150x150.jpg\" alt=\"\" loading=\"lazy\" srcset=\"https:\/\/dare2belite.com\/de\/wp-content\/uploads\/sites\/4\/2021\/08\/DPW001_3T6_P_2-1-150x150.jpg 150w, https:\/\/dare2belite.com\/de\/wp-content\/uploads\/sites\/4\/2021\/08\/DPW001_3T6_P_2-1-300x300.jpg 300w, https:\/\/dare2belite.com\/de\/wp-content\/uploads\/sites\/4\/2021\/08\/DPW001_3T6_P_2-1-768x768.jpg 768w, https:\/\/dare2belite.com\/de\/wp-content\/uploads\/sites\/4\/2021\/08\/DPW001_3T6_P_2-1-1024x1024.jpg 1024w, https:\/\/dare2belite.com\/de\/wp-content\/uploads\/sites\/4\/2021\/08\/DPW001_3T6_P_2-1-1536x1536.jpg 1536w, https:\/\/dare2belite.com\/de\/wp-content\/uploads\/sites\/4\/2021\/08\/DPW001_3T6_P_2-1-2000x2000.jpg 2000w\" sizes=\"(max-width: 150px) 100vw, 150px\" \/><\/a><br \/>\n\t\t\t<\/figure>\n<figure class='gallery-item'>\n\t\t\t\t<a data-elementor-open-lightbox=\"yes\" data-elementor-lightbox-slideshow=\"4d6d9aa\" data-elementor-lightbox-title=\"DPW001_685_P_2\" href='http:\/\/dare2belite.com\/de\/wp-content\/uploads\/sites\/4\/2021\/08\/DPW001_685_P_2-1-2000x2000.jpg'><img width=\"150\" height=\"150\" src=\"http:\/\/dare2belite.com\/de\/wp-content\/uploads\/sites\/4\/2021\/08\/DPW001_685_P_2-1-150x150.jpg\" alt=\"\" loading=\"lazy\" srcset=\"https:\/\/dare2belite.com\/de\/wp-content\/uploads\/sites\/4\/2021\/08\/DPW001_685_P_2-1-150x150.jpg 150w, https:\/\/dare2belite.com\/de\/wp-content\/uploads\/sites\/4\/2021\/08\/DPW001_685_P_2-1-300x300.jpg 300w, https:\/\/dare2belite.com\/de\/wp-content\/uploads\/sites\/4\/2021\/08\/DPW001_685_P_2-1-768x768.jpg 768w, https:\/\/dare2belite.com\/de\/wp-content\/uploads\/sites\/4\/2021\/08\/DPW001_685_P_2-1-1024x1024.jpg 1024w, https:\/\/dare2belite.com\/de\/wp-content\/uploads\/sites\/4\/2021\/08\/DPW001_685_P_2-1-1536x1536.jpg 1536w, https:\/\/dare2belite.com\/de\/wp-content\/uploads\/sites\/4\/2021\/08\/DPW001_685_P_2-1-2000x2000.jpg 2000w\" sizes=\"(max-width: 150px) 100vw, 150px\" \/><\/a><br \/>\n\t\t\t<\/figure>\n<figure class='gallery-item'>\n\t\t\t\t<a data-elementor-open-lightbox=\"yes\" data-elementor-lightbox-slideshow=\"4d6d9aa\" data-elementor-lightbox-title=\"DPW001_800_P_2\" href='http:\/\/dare2belite.com\/de\/wp-content\/uploads\/sites\/4\/2021\/08\/DPW001_800_P_2-1-2000x2000.jpg'><img width=\"150\" height=\"150\" src=\"http:\/\/dare2belite.com\/de\/wp-content\/uploads\/sites\/4\/2021\/08\/DPW001_800_P_2-1-150x150.jpg\" alt=\"\" loading=\"lazy\" srcset=\"https:\/\/dare2belite.com\/de\/wp-content\/uploads\/sites\/4\/2021\/08\/DPW001_800_P_2-1-150x150.jpg 150w, https:\/\/dare2belite.com\/de\/wp-content\/uploads\/sites\/4\/2021\/08\/DPW001_800_P_2-1-300x300.jpg 300w, https:\/\/dare2belite.com\/de\/wp-content\/uploads\/sites\/4\/2021\/08\/DPW001_800_P_2-1-768x768.jpg 768w, https:\/\/dare2belite.com\/de\/wp-content\/uploads\/sites\/4\/2021\/08\/DPW001_800_P_2-1-1024x1024.jpg 1024w, https:\/\/dare2belite.com\/de\/wp-content\/uploads\/sites\/4\/2021\/08\/DPW001_800_P_2-1-1536x1536.jpg 1536w, https:\/\/dare2belite.com\/de\/wp-content\/uploads\/sites\/4\/2021\/08\/DPW001_800_P_2-1-2000x2000.jpg 2000w\" sizes=\"(max-width: 150px) 100vw, 150px\" \/><\/a><br \/>\n\t\t\t<\/figure>\n<p>1. Nightfall Navy 3T6<br \/>2.Ebony Grey 685<br \/>3.Black 800<\/p>\n<p>\t\t\t\t\t\t\t\t\t\t\t\t\t\t\t\t<a href=\"https:\/\/cfh-dev.a2hosted.com\/dare2b.elite\/wp-content\/uploads\/2021\/09\/D2B3195%20ELITE%20EDIT%20BROCHURE_V6_HR.pdf\"><br \/>\n\t\t\t\t\t\t\t<img width=\"175\" height=\"80\" src=\"http:\/\/dare2belite.com\/de\/wp-content\/uploads\/sites\/4\/2021\/08\/D2B3226-ELITE-SKI-PAGE-WHITE-SPOTSBROCHURE-175x80.jpg\" alt=\"\" loading=\"lazy\" \/>\t\t\t\t\t\t\t\t<\/a><br \/>\n\t\t\t\t\t\t\t\t\t\t\t\t\t\t\t\t<a href=\"https:\/\/dare2belite.com\/wp-content\/uploads\/2021\/08\/ELITE-TRAINING-MANUAL-AW21.pdf\"><br \/>\n\t\t\t\t\t\t\t<img width=\"175\" height=\"80\" src=\"http:\/\/dare2belite.com\/de\/wp-content\/uploads\/sites\/4\/2021\/08\/D2B3226-ELITE-SKI-PAGE-WHITE-SPOTSTRAINING-MANUAL-175x80.jpg\" alt=\"\" loading=\"lazy\" \/>\t\t\t\t\t\t\t\t<\/a><br \/>\n\t\t\t\t\t\t\t\t\t\t\t\t\t\t\t\t<a href=\"https:\/\/dare2belite.com\/wp-content\/uploads\/2021\/08\/Size-Chart.pdf\"><br \/>\n\t\t\t\t\t\t\t<img width=\"175\" height=\"80\" src=\"http:\/\/dare2belite.com\/de\/wp-content\/uploads\/sites\/4\/2021\/08\/D2B3226-ELITE-SKI-PAGE-WHITE-SPOTSSIZE-CHARTS-175x80.jpg\" alt=\"\" loading=\"lazy\" \/>\t\t\t\t\t\t\t\t<\/a><br \/>\n\t\t\t\t\t\t\t\t\t\t\t\t\t\t\t\t<a href=\"https:\/\/dare2belite.com\/de\/marketing-assets\/\"><br \/>\n\t\t\t\t\t\t\t<img width=\"175\" height=\"80\" src=\"http:\/\/dare2belite.com\/de\/wp-content\/uploads\/sites\/4\/2021\/08\/D2B3226-ELITE-SKI-PAGE-WHITE-SPOTSMARKETING-ASSETS-175x80.jpg\" alt=\"\" loading=\"lazy\" \/>\t\t\t\t\t\t\t\t<\/a><br \/>\n\t\t\t\t\t\t\t\t\t\t\t\t\t\t\t\t<a href=\"https:\/\/drive.google.com\/drive\/u\/0\/folders\/16rPS9D8GHrJQ76nmPGkEs6CPItjDB3Pc\"><br \/>\n\t\t\t\t\t\t\t<img width=\"175\" height=\"80\" src=\"http:\/\/dare2belite.com\/de\/wp-content\/uploads\/sites\/4\/2021\/08\/D2B3226-ELITE-SKI-PAGE-WHITE-SPOTSRESOURCE-FOLDER-175x80.jpg\" alt=\"\" loading=\"lazy\" \/>\t\t\t\t\t\t\t\t<\/a><br \/>\n\t\t\t\t\t\t\t\t\t\t\t\t\t\t\t\t<a href=\"https:\/\/dare2belite.com\/wp-content\/uploads\/2021\/08\/Decoration-Guide.pdf\"><br \/>\n\t\t\t\t\t\t\t<img width=\"175\" height=\"80\" src=\"http:\/\/dare2belite.com\/de\/wp-content\/uploads\/sites\/4\/2021\/08\/D2B3226-ELITE-SKI-PAGE-WHITE-SPOTSDECORATION-GUIDE-175x80.jpg\" alt=\"\" loading=\"lazy\" \/>\t\t\t\t\t\t\t\t<\/a><br \/>\n    <img src=\"http:\/\/dare2belite.com\/wp-content\/uploads\/2021\/08\/D2B3226-ELITE-SKI-PAGE-WHITE-SPOTSPRESENTATIONS-175x80.jpg\"><br \/>\n    <!-- main selector element --><\/p>\n<section id=\"brochureMenu\" data-id=\"3046c3f\" data-element_type=\"section\">\n      <!-- Active --><br \/>\n\t\t\t\t    \t<a href=\"https:\/\/cfh-dev.a2hosted.com\/dare2b.elite\/wp-content\/uploads\/2021\/09\/ELITE-PRES.pdf\"><br \/>\n\t\t\t       <!-- add link to flipbook \/ video here --><br \/>\n   <button id=\"menu-button\" align=\"center\" type=\"button\" >Einf\u00fchrungspr\u00e4sentation<\/button><br \/>\n  <\/a><br \/>\n\t\t\t\t<!-- Swimwear --><br \/>\n\t\t\t\t    \t<a href=\"https:\/\/cfh-dev.a2hosted.com\/dare2b.elite\/wp-content\/uploads\/2021\/09\/ELITE-LAUNCH-MARKETING__compressed.pdf\"><br \/>\n\t\t\t        <!-- add link to flipbook \/ video here --><br \/>\n       <button id=\"menu-button\" align=\"center\" type=\"button\" >Markenmarketing-Pr\u00e4sentation<\/button><br \/>\n  \t\t<\/a><br \/>\n\t\t\t\t\t\t\t\t<!-- Swimwear --><br \/>\n\t\t\t\t    \t<a href=\"https:\/\/cfh-dev.a2hosted.com\/dare2b.elite\/wp-content\/uploads\/2021\/09\/D2B%20ELITE%20EDIT%20AW21.mp4\"><br \/>\n\t\t\t        <!-- add link to flipbook \/ video here --><br \/>\n       <button id=\"menu-button\" align=\"center\" type=\"button\" >Produktpr\u00e4sentation<\/button><br \/>\n  \t\t<\/a><br \/>\n\t\t<\/section>\n<p>          <!-- Intro video -->  <\/p>\n<section id=\"mylightbox_productIntro\" style=\"background-color:#fff;\" >\n<iframe loading=\"lazy\" src=\"https:\/\/player.vimeo.com\/video\/551440040?title=0&#038;byline=0&#038;portrait=0\" width=\"100%\" height=\"100%\" frameborder=\"0\" allow=\"autoplay; fullscreen; picture-in-picture\" allowfullscreen style=\"width:900px; height:500px;\"><\/iframe><br \/>\n  <\/section>\n<p>          <!-- Intro video -->  <\/p>\n<section id=\"mylightbox_introMarketing\" style=\"background-color:#fff;\" >\n<iframe loading=\"lazy\" src=\"https:\/\/player.vimeo.com\/video\/551440040?title=0&#038;byline=0&#038;portrait=0\" width=\"100%\" height=\"100%\" frameborder=\"0\" allow=\"autoplay; fullscreen; picture-in-picture\" allowfullscreen style=\"width:900px; height:500px;\"><\/iframe><br \/>\n  <\/section>\n<p>          <!-- Brand video -->  <\/p>\n<section id=\"mylightbox_brandMarketing\" style=\"background-color:#fff;\" >\n<iframe loading=\"lazy\" src=\"https:\/\/player.vimeo.com\/video\/551536161?title=0&#038;byline=0&#038;portrait=0\" width=\"100%\" height=\"100%\" frameborder=\"0\" allow=\"autoplay; fullscreen; picture-in-picture\" allowfullscreen style=\"width:900px; height:500px;\"><\/iframe><br \/>\n  <\/section>\n<p>          <!-- Product video -->  <\/p>\n<section id=\"mylightbox_productMarketing\" style=\"background-color:#fff;\" >\n<iframe loading=\"lazy\" src=\"https:\/\/player.vimeo.com\/video\/551423955?title=0&#038;byline=0&#038;portrait=0\" width=\"100%\" height=\"100%\" frameborder=\"0\" allow=\"autoplay; fullscreen; picture-in-picture\" allowfullscreen style=\"width:900px; height:500px;\"><\/iframe><br \/>\n  <\/section>\n<h2><a href=\"https:\/\/dare2belite.com\/de\/elite-ski\/\">Zur\u00fcck zu Ski <\/a><\/h2>\n","protected":false},"excerpt":{"rendered":"<p>Previous Next STANDFAST WINTERSPORT PANTDPW001 Gr\u00f6\u00dfen XS &#8211; XXXL \u2022 Recyceltes wasserdichtes und atmungsaktives Stretchmaterial &#8211; Ared 20\/20\u2022 Strapazierf\u00e4higes wasserabweisendes Finish \u2022 Verschwei\u00dfte N\u00e4hte f\u00fcr vollst\u00e4ndigen wasserdichten Schutz \u2022 Komplette Ski-Features (inkl. verstellbare Hosentr\u00e4ger, Schneegamaschen und ein Rei\u00dfverschlusszwickel am Saum) \u2022 Fleece-gef\u00fctterte Oberschenkel f\u00fcr zus\u00e4tzliche W\u00e4rme \u2022 Verstellbares Taillensystem mit hoher R\u00fcckseite \u2022 2 x [&hellip;]<\/p>\n","protected":false},"author":1,"featured_media":0,"parent":0,"menu_order":0,"comment_status":"closed","ping_status":"closed","template":"","meta":{"site-sidebar-layout":"no-sidebar","site-content-layout":"plain-container","ast-site-content-layout":"default","site-content-style":"default","site-sidebar-style":"default","ast-global-header-display":"","ast-banner-title-visibility":"","ast-main-header-display":"","ast-hfb-above-header-display":"","ast-hfb-below-header-display":"","ast-hfb-mobile-header-display":"","site-post-title":"disabled","ast-breadcrumbs-content":"disabled","ast-featured-img":"","footer-sml-layout":"","ast-disable-related-posts":"","theme-transparent-header-meta":"default","adv-header-id-meta":"","stick-header-meta":"","header-above-stick-meta":"","header-main-stick-meta":"","header-below-stick-meta":"","astra-migrate-meta-layouts":"default","ast-page-background-enabled":"default","ast-page-background-meta":{"desktop":{"background-color":"var(--ast-global-color-4)","background-image":"","background-repeat":"repeat","background-position":"center center","background-size":"auto","background-attachment":"scroll","background-type":"","background-media":"","overlay-type":"","overlay-color":"","overlay-opacity":"","overlay-gradient":""},"tablet":{"background-color":"","background-image":"","background-repeat":"repeat","background-position":"center center","background-size":"auto","background-attachment":"scroll","background-type":"","background-media":"","overlay-type":"","overlay-color":"","overlay-opacity":"","overlay-gradient":""},"mobile":{"background-color":"","background-image":"","background-repeat":"repeat","background-position":"center center","background-size":"auto","background-attachment":"scroll","background-type":"","background-media":"","overlay-type":"","overlay-color":"","overlay-opacity":"","overlay-gradient":""}},"ast-content-background-meta":{"desktop":{"background-color":"var(--ast-global-color-5)","background-image":"","background-repeat":"repeat","background-position":"center center","background-size":"auto","background-attachment":"scroll","background-type":"","background-media":"","overlay-type":"","overlay-color":"","overlay-opacity":"","overlay-gradient":""},"tablet":{"background-color":"var(--ast-global-color-5)","background-image":"","background-repeat":"repeat","background-position":"center center","background-size":"auto","background-attachment":"scroll","background-type":"","background-media":"","overlay-type":"","overlay-color":"","overlay-opacity":"","overlay-gradient":""},"mobile":{"background-color":"var(--ast-global-color-5)","background-image":"","background-repeat":"repeat","background-position":"center center","background-size":"auto","background-attachment":"scroll","background-type":"","background-media":"","overlay-type":"","overlay-color":"","overlay-opacity":"","overlay-gradient":""}}},"_links":{"self":[{"href":"https:\/\/dare2belite.com\/de\/wp-json\/wp\/v2\/pages\/262"}],"collection":[{"href":"https:\/\/dare2belite.com\/de\/wp-json\/wp\/v2\/pages"}],"about":[{"href":"https:\/\/dare2belite.com\/de\/wp-json\/wp\/v2\/types\/page"}],"author":[{"embeddable":true,"href":"https:\/\/dare2belite.com\/de\/wp-json\/wp\/v2\/users\/1"}],"replies":[{"embeddable":true,"href":"https:\/\/dare2belite.com\/de\/wp-json\/wp\/v2\/comments?post=262"}],"version-history":[{"count":53,"href":"https:\/\/dare2belite.com\/de\/wp-json\/wp\/v2\/pages\/262\/revisions"}],"predecessor-version":[{"id":1671,"href":"https:\/\/dare2belite.com\/de\/wp-json\/wp\/v2\/pages\/262\/revisions\/1671"}],"wp:attachment":[{"href":"https:\/\/dare2belite.com\/de\/wp-json\/wp\/v2\/media?parent=262"}],"curies":[{"name":"wp","href":"https:\/\/api.w.org\/{rel}","templated":true}]}}