{"id":260,"date":"2021-08-10T07:58:27","date_gmt":"2021-08-10T07:58:27","guid":{"rendered":"http:\/\/dare2belite.com\/de\/?page_id=260"},"modified":"2021-09-22T12:53:03","modified_gmt":"2021-09-22T12:53:03","slug":"marketing-assets","status":"publish","type":"page","link":"https:\/\/dare2belite.com\/de\/marketing-assets\/","title":{"rendered":"Marketing Assets"},"content":{"rendered":"<h2>Marketing Assets <\/h2>\n<h3 style=\"color: black;\" align=\"center\">Alle D2b Elite-Bilder und -Animationen stehen zum Download und zur Verwendung zur Verf\u00fcgung. <\/h3>\n<p style=\"color: black;\" align=\"center\">Bitte beachten: Diese Bilder d\u00fcrfen nur unter der Dare2b Elite-Lizenz verwendet werden und d\u00fcrfen nur innerhalb der Saison 2021 und nicht dar\u00fcber hinaus verwendet werden. Aufgrund von Einschr\u00e4nkungen der Modelagentur und des Urheberrechts sind die entfernten Bilder nach der j\u00e4hrlichen Aktualisierung der Links nicht mehr lizenziert. Sollten nach diesen Terminen rechtliche Schritte gegen einen Einzelh\u00e4ndler\/Kunden wegen der Verwendung von Fotografien eingeleitet werden, haftet Dare2b nicht.<\/p>\n<h2>D2b Elite-Logos und Markenzeichen <\/h2>\n<p>\t\t\t<a href=\"https:\/\/dare2belite.com\/wp-content\/uploads\/2021\/08\/ELITE-EDIT-BRAND-INFO-AND-LOGOS-20210813T083036Z-001.zip\" role=\"button\"><br \/>\n\t\t\t\t\t\tKlicke hier<br \/>\n\t\t\t\t\t<\/a><br \/>\n          <!-- Intro video -->  <\/p>\n<section id=\"mylightbox_productIntro\" style=\"background-color:#fff;\" >\n<iframe loading=\"lazy\" src=\"https:\/\/player.vimeo.com\/video\/551440040?title=0&#038;byline=0&#038;portrait=0\" width=\"100%\" height=\"100%\" frameborder=\"0\" allow=\"autoplay; fullscreen; picture-in-picture\" allowfullscreen style=\"width:900px; height:500px;\"><\/iframe><br \/>\n  <\/section>\n<p>          <!-- Intro video -->  <\/p>\n<section id=\"mylightbox_introMarketing\" style=\"background-color:#fff;\" >\n<iframe loading=\"lazy\" src=\"https:\/\/player.vimeo.com\/video\/551440040?title=0&#038;byline=0&#038;portrait=0\" width=\"100%\" height=\"100%\" frameborder=\"0\" allow=\"autoplay; fullscreen; picture-in-picture\" allowfullscreen style=\"width:900px; height:500px;\"><\/iframe><br \/>\n  <\/section>\n<p>          <!-- Brand video -->  <\/p>\n<section id=\"mylightbox_brandMarketing\" style=\"background-color:#fff;\" >\n<iframe loading=\"lazy\" src=\"https:\/\/player.vimeo.com\/video\/551536161?title=0&#038;byline=0&#038;portrait=0\" width=\"100%\" height=\"100%\" frameborder=\"0\" allow=\"autoplay; fullscreen; picture-in-picture\" allowfullscreen style=\"width:900px; height:500px;\"><\/iframe><br \/>\n  <\/section>\n<p>          <!-- Product video -->  <\/p>\n<section id=\"mylightbox_productMarketing\" style=\"background-color:#fff;\" >\n<iframe loading=\"lazy\" src=\"https:\/\/player.vimeo.com\/video\/551423955?title=0&#038;byline=0&#038;portrait=0\" width=\"100%\" height=\"100%\" frameborder=\"0\" allow=\"autoplay; fullscreen; picture-in-picture\" allowfullscreen style=\"width:900px; height:500px;\"><\/iframe><br \/>\n  <\/section>\n<p>\t\t\t\t\t\t\t\t\t\t\t\t\t\t\t\t<a href=\"https:\/\/cfh-dev.a2hosted.com\/dare2b.elite\/wp-content\/uploads\/2021\/09\/D2B3195%20ELITE%20EDIT%20BROCHURE_V6_HR.pdf\"><br \/>\n\t\t\t\t\t\t\t<img width=\"175\" height=\"80\" src=\"http:\/\/dare2belite.com\/de\/wp-content\/uploads\/sites\/4\/2021\/08\/D2B3226-ELITE-SKI-PAGE-WHITE-SPOTSBROCHURE-175x80.jpg\" alt=\"\" loading=\"lazy\" \/>\t\t\t\t\t\t\t\t<\/a><br \/>\n\t\t\t\t\t\t\t\t\t\t\t\t\t\t\t\t<a href=\"https:\/\/dare2belite.com\/wp-content\/uploads\/2021\/08\/ELITE-TRAINING-MANUAL-AW21.pdf\"><br \/>\n\t\t\t\t\t\t\t<img width=\"175\" height=\"80\" src=\"http:\/\/dare2belite.com\/de\/wp-content\/uploads\/sites\/4\/2021\/08\/D2B3226-ELITE-SKI-PAGE-WHITE-SPOTSTRAINING-MANUAL-175x80.jpg\" alt=\"\" loading=\"lazy\" \/>\t\t\t\t\t\t\t\t<\/a><br \/>\n\t\t\t\t\t\t\t\t\t\t\t\t\t\t\t\t<a href=\"https:\/\/dare2belite.com\/wp-content\/uploads\/2021\/08\/Size-Chart.pdf\"><br \/>\n\t\t\t\t\t\t\t<img width=\"175\" height=\"80\" src=\"http:\/\/dare2belite.com\/de\/wp-content\/uploads\/sites\/4\/2021\/08\/D2B3226-ELITE-SKI-PAGE-WHITE-SPOTSSIZE-CHARTS-175x80.jpg\" alt=\"\" loading=\"lazy\" \/>\t\t\t\t\t\t\t\t<\/a><br \/>\n\t\t\t\t\t\t\t\t\t\t\t\t\t\t\t\t<a href=\"https:\/\/dare2belite.com\/de\/marketing-assets\/\"><br \/>\n\t\t\t\t\t\t\t<img width=\"175\" height=\"80\" src=\"http:\/\/dare2belite.com\/de\/wp-content\/uploads\/sites\/4\/2021\/08\/D2B3226-ELITE-SKI-PAGE-WHITE-SPOTSMARKETING-ASSETS-175x80.jpg\" alt=\"\" loading=\"lazy\" \/>\t\t\t\t\t\t\t\t<\/a><br \/>\n\t\t\t\t\t\t\t\t\t\t\t\t\t\t\t\t<a href=\"https:\/\/drive.google.com\/drive\/u\/0\/folders\/16rPS9D8GHrJQ76nmPGkEs6CPItjDB3Pc\"><br \/>\n\t\t\t\t\t\t\t<img width=\"175\" height=\"80\" src=\"http:\/\/dare2belite.com\/de\/wp-content\/uploads\/sites\/4\/2021\/08\/D2B3226-ELITE-SKI-PAGE-WHITE-SPOTSRESOURCE-FOLDER-175x80.jpg\" alt=\"\" loading=\"lazy\" \/>\t\t\t\t\t\t\t\t<\/a><br \/>\n\t\t\t\t\t\t\t\t\t\t\t\t\t\t\t\t<a href=\"https:\/\/dare2belite.com\/wp-content\/uploads\/2021\/08\/Decoration-Guide.pdf\"><br \/>\n\t\t\t\t\t\t\t<img width=\"175\" height=\"80\" src=\"http:\/\/dare2belite.com\/de\/wp-content\/uploads\/sites\/4\/2021\/08\/D2B3226-ELITE-SKI-PAGE-WHITE-SPOTSDECORATION-GUIDE-175x80.jpg\" alt=\"\" loading=\"lazy\" \/>\t\t\t\t\t\t\t\t<\/a><br \/>\n    <img src=\"http:\/\/dare2belite.com\/wp-content\/uploads\/2021\/08\/D2B3226-ELITE-SKI-PAGE-WHITE-SPOTSPRESENTATIONS-175x80.jpg\"><br \/>\n    <!-- main selector element --><\/p>\n<section id=\"brochureMenu\" data-id=\"3046c3f\" data-element_type=\"section\">\n      <!-- Active --><br \/>\n\t\t\t\t    \t<a href=\"https:\/\/cfh-dev.a2hosted.com\/dare2b.elite\/wp-content\/uploads\/2021\/09\/ELITE-PRES.pdf\"><br \/>\n\t\t\t       <!-- add link to flipbook \/ video here --><br \/>\n   <button id=\"menu-button\" align=\"center\" type=\"button\" >Einf\u00fchrungspr\u00e4sentation<\/button><br \/>\n  <\/a><br \/>\n\t\t\t\t<!-- Swimwear --><br \/>\n\t\t\t\t    \t<a href=\"https:\/\/cfh-dev.a2hosted.com\/dare2b.elite\/wp-content\/uploads\/2021\/09\/ELITE-LAUNCH-MARKETING__compressed.pdf\"><br \/>\n\t\t\t        <!-- add link to flipbook \/ video here --><br \/>\n       <button id=\"menu-button\" align=\"center\" type=\"button\" >Markenmarketing-Pr\u00e4sentation<\/button><br \/>\n  \t\t<\/a><br \/>\n\t\t\t\t\t\t\t\t<!-- Swimwear --><br \/>\n\t\t\t\t    \t<a href=\"https:\/\/cfh-dev.a2hosted.com\/dare2b.elite\/wp-content\/uploads\/2021\/09\/D2B%20ELITE%20EDIT%20AW21.mp4\"><br \/>\n\t\t\t        <!-- add link to flipbook \/ video here --><br \/>\n       <button id=\"menu-button\" align=\"center\" type=\"button\" >Produktpr\u00e4sentation<\/button><br \/>\n  \t\t<\/a><br \/>\n\t\t<\/section>\n","protected":false},"excerpt":{"rendered":"<p>Marketing Assets Alle D2b Elite-Bilder und -Animationen stehen zum Download und zur Verwendung zur Verf\u00fcgung. Bitte beachten: Diese Bilder d\u00fcrfen nur unter der Dare2b Elite-Lizenz verwendet werden und d\u00fcrfen nur innerhalb der Saison 2021 und nicht dar\u00fcber hinaus verwendet werden. Aufgrund von Einschr\u00e4nkungen der Modelagentur und des Urheberrechts sind die entfernten Bilder nach der j\u00e4hrlichen [&hellip;]<\/p>\n","protected":false},"author":1,"featured_media":0,"parent":0,"menu_order":0,"comment_status":"closed","ping_status":"closed","template":"","meta":{"site-sidebar-layout":"no-sidebar","site-content-layout":"page-builder","ast-site-content-layout":"default","site-content-style":"default","site-sidebar-style":"default","ast-global-header-display":"","ast-banner-title-visibility":"","ast-main-header-display":"","ast-hfb-above-header-display":"","ast-hfb-below-header-display":"","ast-hfb-mobile-header-display":"","site-post-title":"disabled","ast-breadcrumbs-content":"","ast-featured-img":"disabled","footer-sml-layout":"","ast-disable-related-posts":"","theme-transparent-header-meta":"default","adv-header-id-meta":"","stick-header-meta":"","header-above-stick-meta":"","header-main-stick-meta":"","header-below-stick-meta":"","astra-migrate-meta-layouts":"default","ast-page-background-enabled":"default","ast-page-background-meta":{"desktop":{"background-color":"var(--ast-global-color-4)","background-image":"","background-repeat":"repeat","background-position":"center center","background-size":"auto","background-attachment":"scroll","background-type":"","background-media":"","overlay-type":"","overlay-color":"","overlay-opacity":"","overlay-gradient":""},"tablet":{"background-color":"","background-image":"","background-repeat":"repeat","background-position":"center center","background-size":"auto","background-attachment":"scroll","background-type":"","background-media":"","overlay-type":"","overlay-color":"","overlay-opacity":"","overlay-gradient":""},"mobile":{"background-color":"","background-image":"","background-repeat":"repeat","background-position":"center center","background-size":"auto","background-attachment":"scroll","background-type":"","background-media":"","overlay-type":"","overlay-color":"","overlay-opacity":"","overlay-gradient":""}},"ast-content-background-meta":{"desktop":{"background-color":"var(--ast-global-color-5)","background-image":"","background-repeat":"repeat","background-position":"center center","background-size":"auto","background-attachment":"scroll","background-type":"","background-media":"","overlay-type":"","overlay-color":"","overlay-opacity":"","overlay-gradient":""},"tablet":{"background-color":"var(--ast-global-color-5)","background-image":"","background-repeat":"repeat","background-position":"center center","background-size":"auto","background-attachment":"scroll","background-type":"","background-media":"","overlay-type":"","overlay-color":"","overlay-opacity":"","overlay-gradient":""},"mobile":{"background-color":"var(--ast-global-color-5)","background-image":"","background-repeat":"repeat","background-position":"center center","background-size":"auto","background-attachment":"scroll","background-type":"","background-media":"","overlay-type":"","overlay-color":"","overlay-opacity":"","overlay-gradient":""}}},"_links":{"self":[{"href":"https:\/\/dare2belite.com\/de\/wp-json\/wp\/v2\/pages\/260"}],"collection":[{"href":"https:\/\/dare2belite.com\/de\/wp-json\/wp\/v2\/pages"}],"about":[{"href":"https:\/\/dare2belite.com\/de\/wp-json\/wp\/v2\/types\/page"}],"author":[{"embeddable":true,"href":"https:\/\/dare2belite.com\/de\/wp-json\/wp\/v2\/users\/1"}],"replies":[{"embeddable":true,"href":"https:\/\/dare2belite.com\/de\/wp-json\/wp\/v2\/comments?post=260"}],"version-history":[{"count":34,"href":"https:\/\/dare2belite.com\/de\/wp-json\/wp\/v2\/pages\/260\/revisions"}],"predecessor-version":[{"id":1683,"href":"https:\/\/dare2belite.com\/de\/wp-json\/wp\/v2\/pages\/260\/revisions\/1683"}],"wp:attachment":[{"href":"https:\/\/dare2belite.com\/de\/wp-json\/wp\/v2\/media?parent=260"}],"curies":[{"name":"wp","href":"https:\/\/api.w.org\/{rel}","templated":true}]}}